{"id":16431,"date":"2025-05-20T09:20:17","date_gmt":"2025-05-20T07:20:17","guid":{"rendered":"https:\/\/zsdpb.edu.pl\/?post_type=product&#038;p=16431"},"modified":"2025-10-30T11:46:14","modified_gmt":"2025-10-30T10:46:14","slug":"szlifierka-uniwersalna-do-walkow-rup-28-500-52-2025-6","status":"publish","type":"product","link":"https:\/\/zsdpb.edu.pl\/index.php\/produkt\/szlifierka-uniwersalna-do-walkow-rup-28-500-52-2025-6\/","title":{"rendered":"SZLIFIERKA UNIWERSALNA DO WA\u0141K\u00d3W RUP-28\/500  [52\/2025\/6]"},"content":{"rendered":"<ul>\n<li>SZLIFIERKA UNIWERSALNA DO WA\u0141K\u00d3W RUP-28\/500 przyj\u0119ta na ewidencj\u0119 w 1980 roku.<\/li>\n<li>Sprawna, wymaga dostosowania do wymog\u00f3w bezpiecze\u0144stwa.<\/li>\n<li>Wed\u0142ug tabliczki znamionowej wyprodukowana w 1980 roku.<\/li>\n<li>Wymiary: wysoko\u015b\u0107 1 m 80 cm, d\u0142ugo\u015b\u0107 2 m 40 cm, szeroko\u015b\u0107 1 m 50 cm.<\/li>\n<li>Maszyna jest u\u017cywana, wyeksploatowana, niekompletna, dlatego zaleca si\u0119 ogl\u0119dziny przed wzi\u0119ciem udzia\u0142u w licytacji.<\/li>\n<li>Na ogl\u0119dziny maszyn mo\u017cna um\u00f3wi\u0107 si\u0119 w godz. 8.00-15.00 pod numerem telefonu: 797 995 905.<\/li>\n<li><strong>Za\u0142adunek i ewentualny demonta\u017c we w\u0142asnym zakresie.<\/strong><\/li>\n<\/ul>\n","protected":false},"excerpt":{"rendered":"<p>SZLIFIERKA UNIWERSALNA DO WA\u0141K\u00d3W RUP-28\/500 przyj\u0119ta na ewidencj\u0119 w 1980 roku. Sprawna, wymaga dostosowania do wymog\u00f3w bezpiecze\u0144stwa. Wed\u0142ug tabliczki znamionowej wyprodukowana w 1980 roku. Wymiary: wysoko\u015b\u0107 1 m 80 cm, d\u0142ugo\u015b\u0107 2 m 40 cm, szeroko\u015b\u0107 1 m 50 cm. Maszyna jest u\u017cywana, wyeksploatowana, niekompletna, dlatego zaleca si\u0119 ogl\u0119dziny przed [\u2026] <\/p>\n<div class=\"clear\"><\/div>\n<p><a class=\"more_link clearfix\" href=\"https:\/\/zsdpb.edu.pl\/index.php\/produkt\/szlifierka-uniwersalna-do-walkow-rup-28-500-52-2025-6\/\" rel=\"nofollow\">Read More<\/a><\/p>\n","protected":false},"featured_media":16432,"comment_status":"closed","ping_status":"closed","template":"","meta":[],"product_brand":[],"product_cat":[40],"product_tag":[],"class_list":{"0":"post-16431","1":"product","2":"type-product","3":"status-publish","4":"has-post-thumbnail","6":"product_cat-sprzedaz","8":"first","9":"instock","10":"sold-individually","11":"shipping-taxable","12":"product-type-auction"},"publishpress_future_action":{"enabled":false,"date":"2026-05-09 11:33:04","action":"change-status","newStatus":"draft","terms":[],"taxonomy":"product_cat","extraData":[]},"publishpress_future_workflow_manual_trigger":{"enabledWorkflows":[]},"_links":{"self":[{"href":"https:\/\/zsdpb.edu.pl\/index.php\/wp-json\/wp\/v2\/product\/16431","targetHints":{"allow":["GET"]}}],"collection":[{"href":"https:\/\/zsdpb.edu.pl\/index.php\/wp-json\/wp\/v2\/product"}],"about":[{"href":"https:\/\/zsdpb.edu.pl\/index.php\/wp-json\/wp\/v2\/types\/product"}],"replies":[{"embeddable":true,"href":"https:\/\/zsdpb.edu.pl\/index.php\/wp-json\/wp\/v2\/comments?post=16431"}],"wp:featuredmedia":[{"embeddable":true,"href":"https:\/\/zsdpb.edu.pl\/index.php\/wp-json\/wp\/v2\/media\/16432"}],"wp:attachment":[{"href":"https:\/\/zsdpb.edu.pl\/index.php\/wp-json\/wp\/v2\/media?parent=16431"}],"wp:term":[{"taxonomy":"product_brand","embeddable":true,"href":"https:\/\/zsdpb.edu.pl\/index.php\/wp-json\/wp\/v2\/product_brand?post=16431"},{"taxonomy":"product_cat","embeddable":true,"href":"https:\/\/zsdpb.edu.pl\/index.php\/wp-json\/wp\/v2\/product_cat?post=16431"},{"taxonomy":"product_tag","embeddable":true,"href":"https:\/\/zsdpb.edu.pl\/index.php\/wp-json\/wp\/v2\/product_tag?post=16431"}],"curies":[{"name":"wp","href":"https:\/\/api.w.org\/{rel}","templated":true}]}}