{"id":16595,"date":"2025-06-16T12:39:37","date_gmt":"2025-06-16T10:39:37","guid":{"rendered":"https:\/\/zsdpb.edu.pl\/?post_type=product&#038;p=16595"},"modified":"2025-07-03T09:37:38","modified_gmt":"2025-07-03T07:37:38","slug":"notebook-toshiba-a200-1gm-83-2025-21","status":"publish","type":"product","link":"https:\/\/zsdpb.edu.pl\/index.php\/produkt\/notebook-toshiba-a200-1gm-83-2025-21\/","title":{"rendered":"NOTEBOOK TOSHIBA A200-1GM (83\/2025\/21)"},"content":{"rendered":"<ul>\n<li><span style=\"font-family: georgia, palatino, serif;font-size: 12pt;color: #000000\">Notebook TOSHIBA A200-1GM wyprodukowany w 2007 r.<\/span><\/li>\n<li><span style=\"font-family: georgia, palatino, serif;font-size: 12pt;color: #000000\">Niesprawny \u2013 uszkodzona matryca.<\/span><\/li>\n<li><span style=\"font-family: georgia, palatino, serif;font-size: 12pt;color: #000000\">Parametry w momencie zakupu: NOTEBOOK TOSHIBA A200-1GM CD T2450(2GHZ)\/1024MB, 160GB\/DVDRW\/GF7300\/BT\/15,4&#8243;\/VHP\/OFFICE2007STD (MOLP) + TORBA, NR: S87297863K.<\/span><\/li>\n<li><span style=\"font-family: georgia, palatino, serif;font-size: 12pt;color: #000000\">W komplecie zasilacz, torby brak.<\/span><\/li>\n<li><span style=\"font-family: georgia, palatino, serif;font-size: 12pt;color: #000000\">Sprz\u0119t pozbawiony no\u015bnik\u00f3w magnetycznych i licencji.<\/span>&nbsp;<\/li>\n<\/ul>\n","protected":false},"excerpt":{"rendered":"<p>Notebook TOSHIBA A200-1GM wyprodukowany w 2007 r. Niesprawny \u2013 uszkodzona matryca. Parametry w momencie zakupu: NOTEBOOK TOSHIBA A200-1GM CD T2450(2GHZ)\/1024MB, 160GB\/DVDRW\/GF7300\/BT\/15,4&#8243;\/VHP\/OFFICE2007STD (MOLP) + TORBA, NR: S87297863K. W komplecie zasilacz, torby brak. Sprz\u0119t pozbawiony no\u015bnik\u00f3w magnetycznych i licencji.&nbsp;<\/p>\n","protected":false},"featured_media":16597,"comment_status":"closed","ping_status":"closed","template":"","meta":[],"product_brand":[],"product_cat":[40],"product_tag":[],"class_list":{"0":"post-16595","1":"product","2":"type-product","3":"status-publish","4":"has-post-thumbnail","6":"product_cat-sprzedaz","8":"first","9":"instock","10":"sold-individually","11":"shipping-taxable","12":"product-type-auction"},"publishpress_future_action":{"enabled":false,"date":"2026-05-07 16:31:38","action":"change-status","newStatus":"draft","terms":[],"taxonomy":"product_cat","extraData":[]},"publishpress_future_workflow_manual_trigger":{"enabledWorkflows":[]},"_links":{"self":[{"href":"https:\/\/zsdpb.edu.pl\/index.php\/wp-json\/wp\/v2\/product\/16595","targetHints":{"allow":["GET"]}}],"collection":[{"href":"https:\/\/zsdpb.edu.pl\/index.php\/wp-json\/wp\/v2\/product"}],"about":[{"href":"https:\/\/zsdpb.edu.pl\/index.php\/wp-json\/wp\/v2\/types\/product"}],"replies":[{"embeddable":true,"href":"https:\/\/zsdpb.edu.pl\/index.php\/wp-json\/wp\/v2\/comments?post=16595"}],"wp:featuredmedia":[{"embeddable":true,"href":"https:\/\/zsdpb.edu.pl\/index.php\/wp-json\/wp\/v2\/media\/16597"}],"wp:attachment":[{"href":"https:\/\/zsdpb.edu.pl\/index.php\/wp-json\/wp\/v2\/media?parent=16595"}],"wp:term":[{"taxonomy":"product_brand","embeddable":true,"href":"https:\/\/zsdpb.edu.pl\/index.php\/wp-json\/wp\/v2\/product_brand?post=16595"},{"taxonomy":"product_cat","embeddable":true,"href":"https:\/\/zsdpb.edu.pl\/index.php\/wp-json\/wp\/v2\/product_cat?post=16595"},{"taxonomy":"product_tag","embeddable":true,"href":"https:\/\/zsdpb.edu.pl\/index.php\/wp-json\/wp\/v2\/product_tag?post=16595"}],"curies":[{"name":"wp","href":"https:\/\/api.w.org\/{rel}","templated":true}]}}