{"id":16605,"date":"2025-06-18T13:49:53","date_gmt":"2025-06-18T11:49:53","guid":{"rendered":"https:\/\/zsdpb.edu.pl\/?post_type=product&#038;p=16605"},"modified":"2025-07-21T12:21:47","modified_gmt":"2025-07-21T10:21:47","slug":"lawka-drewniana-88-2025-17","status":"publish","type":"product","link":"https:\/\/zsdpb.edu.pl\/index.php\/produkt\/lawka-drewniana-88-2025-17\/","title":{"rendered":"\u0141awka drewniana [88\/2025\/17]"},"content":{"rendered":"<ul>\n<li>\u0141awka drewniana szt. 1 \u2013 wymaga renowacji.<\/li>\n<li>Wymiar siedziska 197\/46 cm, wysoko\u015b\u0107 siedziska 37 cm, wysoko\u015b\u0107 oparcia 60 cm.<\/li>\n<\/ul>\n","protected":false},"excerpt":{"rendered":"<p>\u0141awka drewniana szt. 1 \u2013 wymaga renowacji. Wymiar siedziska 197\/46 cm, wysoko\u015b\u0107 siedziska 37 cm, wysoko\u015b\u0107 oparcia 60 cm.<\/p>\n","protected":false},"featured_media":16606,"comment_status":"closed","ping_status":"closed","template":"","meta":[],"product_brand":[],"product_cat":[40],"product_tag":[],"class_list":{"0":"post-16605","1":"product","2":"type-product","3":"status-publish","4":"has-post-thumbnail","6":"product_cat-sprzedaz","8":"first","9":"outofstock","10":"sold-individually","11":"shipping-taxable","12":"product-type-auction"},"publishpress_future_action":{"enabled":false,"date":"2026-05-12 11:22:12","action":"change-status","newStatus":"draft","terms":[],"taxonomy":"product_cat","extraData":[]},"publishpress_future_workflow_manual_trigger":{"enabledWorkflows":[]},"_links":{"self":[{"href":"https:\/\/zsdpb.edu.pl\/index.php\/wp-json\/wp\/v2\/product\/16605","targetHints":{"allow":["GET"]}}],"collection":[{"href":"https:\/\/zsdpb.edu.pl\/index.php\/wp-json\/wp\/v2\/product"}],"about":[{"href":"https:\/\/zsdpb.edu.pl\/index.php\/wp-json\/wp\/v2\/types\/product"}],"replies":[{"embeddable":true,"href":"https:\/\/zsdpb.edu.pl\/index.php\/wp-json\/wp\/v2\/comments?post=16605"}],"wp:featuredmedia":[{"embeddable":true,"href":"https:\/\/zsdpb.edu.pl\/index.php\/wp-json\/wp\/v2\/media\/16606"}],"wp:attachment":[{"href":"https:\/\/zsdpb.edu.pl\/index.php\/wp-json\/wp\/v2\/media?parent=16605"}],"wp:term":[{"taxonomy":"product_brand","embeddable":true,"href":"https:\/\/zsdpb.edu.pl\/index.php\/wp-json\/wp\/v2\/product_brand?post=16605"},{"taxonomy":"product_cat","embeddable":true,"href":"https:\/\/zsdpb.edu.pl\/index.php\/wp-json\/wp\/v2\/product_cat?post=16605"},{"taxonomy":"product_tag","embeddable":true,"href":"https:\/\/zsdpb.edu.pl\/index.php\/wp-json\/wp\/v2\/product_tag?post=16605"}],"curies":[{"name":"wp","href":"https:\/\/api.w.org\/{rel}","templated":true}]}}