{"id":17610,"date":"2026-01-29T11:16:37","date_gmt":"2026-01-29T10:16:37","guid":{"rendered":"https:\/\/zsdpb.edu.pl\/?post_type=product&#038;p=17610"},"modified":"2026-04-15T12:04:08","modified_gmt":"2026-04-15T10:04:08","slug":"pila-ramowa-oh-258-8-2026-15","status":"publish","type":"product","link":"https:\/\/zsdpb.edu.pl\/index.php\/produkt\/pila-ramowa-oh-258-8-2026-15\/","title":{"rendered":"PI\u0141A RAMOWA OH-258 [8\/2026\/15]"},"content":{"rendered":"<ul>\n<li>PI\u0141A RAMOWA OH-258 przyj\u0119ta na ewidencj\u0119 w 2007 roku.<\/li>\n<li>W momencie zako\u0144czenia u\u017cytkowania by\u0142a sprawna.<\/li>\n<li>Wymiary: 170 x 130 x 70.<\/li>\n<li>Maszyna jest u\u017cywana, wyeksploatowana, niekompletna, dlatego zaleca si\u0119 ogl\u0119dziny przed wzi\u0119ciem udzia\u0142u w licytacji.<\/li>\n<li>Na ogl\u0119dziny maszyn mo\u017cna um\u00f3wi\u0107 si\u0119 pod numerem telefonu: 85 746 9769.<\/li>\n<li><strong>Za\u0142adunek i ewentualny demonta\u017c we w\u0142asnym zakresie.<\/strong><\/li>\n<\/ul>\n","protected":false},"excerpt":{"rendered":"<p>PI\u0141A RAMOWA OH-258 przyj\u0119ta na ewidencj\u0119 w 2007 roku. W momencie zako\u0144czenia u\u017cytkowania by\u0142a sprawna. Wymiary: 170 x 130 x 70. Maszyna jest u\u017cywana, wyeksploatowana, niekompletna, dlatego zaleca si\u0119 ogl\u0119dziny przed wzi\u0119ciem udzia\u0142u w licytacji. Na ogl\u0119dziny maszyn mo\u017cna um\u00f3wi\u0107 si\u0119 pod numerem telefonu: 85 746 9769. Za\u0142adunek i ewentualny [\u2026] <\/p>\n<div class=\"clear\"><\/div>\n<p><a class=\"more_link clearfix\" href=\"https:\/\/zsdpb.edu.pl\/index.php\/produkt\/pila-ramowa-oh-258-8-2026-15\/\" rel=\"nofollow\">Read More<\/a><\/p>\n","protected":false},"featured_media":17611,"comment_status":"closed","ping_status":"closed","template":"","meta":[],"product_brand":[],"product_cat":[40],"product_tag":[],"class_list":{"0":"post-17610","1":"product","2":"type-product","3":"status-publish","4":"has-post-thumbnail","6":"product_cat-sprzedaz","8":"first","9":"instock","10":"sold-individually","11":"shipping-taxable","12":"product-type-auction"},"publishpress_future_action":{"enabled":false,"date":"2026-05-05 00:21:46","action":"change-status","newStatus":"draft","terms":[],"taxonomy":"product_cat","extraData":[]},"publishpress_future_workflow_manual_trigger":{"enabledWorkflows":[]},"_links":{"self":[{"href":"https:\/\/zsdpb.edu.pl\/index.php\/wp-json\/wp\/v2\/product\/17610","targetHints":{"allow":["GET"]}}],"collection":[{"href":"https:\/\/zsdpb.edu.pl\/index.php\/wp-json\/wp\/v2\/product"}],"about":[{"href":"https:\/\/zsdpb.edu.pl\/index.php\/wp-json\/wp\/v2\/types\/product"}],"replies":[{"embeddable":true,"href":"https:\/\/zsdpb.edu.pl\/index.php\/wp-json\/wp\/v2\/comments?post=17610"}],"wp:featuredmedia":[{"embeddable":true,"href":"https:\/\/zsdpb.edu.pl\/index.php\/wp-json\/wp\/v2\/media\/17611"}],"wp:attachment":[{"href":"https:\/\/zsdpb.edu.pl\/index.php\/wp-json\/wp\/v2\/media?parent=17610"}],"wp:term":[{"taxonomy":"product_brand","embeddable":true,"href":"https:\/\/zsdpb.edu.pl\/index.php\/wp-json\/wp\/v2\/product_brand?post=17610"},{"taxonomy":"product_cat","embeddable":true,"href":"https:\/\/zsdpb.edu.pl\/index.php\/wp-json\/wp\/v2\/product_cat?post=17610"},{"taxonomy":"product_tag","embeddable":true,"href":"https:\/\/zsdpb.edu.pl\/index.php\/wp-json\/wp\/v2\/product_tag?post=17610"}],"curies":[{"name":"wp","href":"https:\/\/api.w.org\/{rel}","templated":true}]}}