{"id":17650,"date":"2026-02-04T10:12:47","date_gmt":"2026-02-04T09:12:47","guid":{"rendered":"https:\/\/zsdpb.edu.pl\/?post_type=product&#038;p=17650"},"modified":"2026-04-15T11:30:36","modified_gmt":"2026-04-15T09:30:36","slug":"piec-silitowy-komorowy-10-2026-3","status":"publish","type":"product","link":"https:\/\/zsdpb.edu.pl\/index.php\/produkt\/piec-silitowy-komorowy-10-2026-3\/","title":{"rendered":"PIEC SILITOWY KOMOROWY (10\/2026\/3)"},"content":{"rendered":"<ul>\n<li><span style=\"font-family: georgia, palatino, serif;font-size: 12pt;color: #000000\">Piec silitowy komorowy wyprodukowany w 1986 r.<\/span><\/li>\n<li><span style=\"font-family: georgia, palatino, serif;font-size: 12pt;color: #000000\">Sprawny.<\/span><\/li>\n<li><span style=\"font-family: georgia, palatino, serif;font-size: 12pt;color: #000000\">Wymiary: 120,00 cm x 90,00 cm x 190,00 cm (wysoko\u015b\u0107).<\/span><\/li>\n<li><span style=\"font-family: georgia, palatino, serif;font-size: 12pt;color: #000000\">Zaleca si\u0119 ogl\u0119dziny przed wzi\u0119ciem udzia\u0142u w licytacji.<\/span><\/li>\n<li><span style=\"font-family: georgia, palatino, serif;font-size: 12pt;color: #000000\">Na ogl\u0119dziny urz\u0105dzenia mo\u017cna um\u00f3wi\u0107 si\u0119 pod numerem telefonu: 85 746 9769.<\/span><\/li>\n<li><span style=\"font-family: georgia, palatino, serif;font-size: 12pt;color: #000000\"><strong>Za\u0142adunek i ewentualny demonta\u017c we w\u0142asnym zakresie.<\/strong><\/span><br \/>\n&nbsp;<\/li>\n<\/ul>\n","protected":false},"excerpt":{"rendered":"<p>Piec silitowy komorowy wyprodukowany w 1986 r. Sprawny. Wymiary: 120,00 cm x 90,00 cm x 190,00 cm (wysoko\u015b\u0107). Zaleca si\u0119 ogl\u0119dziny przed wzi\u0119ciem udzia\u0142u w licytacji. Na ogl\u0119dziny urz\u0105dzenia mo\u017cna um\u00f3wi\u0107 si\u0119 pod numerem telefonu: 85 746 9769. Za\u0142adunek i ewentualny demonta\u017c we w\u0142asnym zakresie. &nbsp;<\/p>\n","protected":false},"featured_media":17654,"comment_status":"closed","ping_status":"closed","template":"","meta":[],"product_brand":[],"product_cat":[40],"product_tag":[],"class_list":{"0":"post-17650","1":"product","2":"type-product","3":"status-publish","4":"has-post-thumbnail","6":"product_cat-sprzedaz","8":"first","9":"instock","10":"sold-individually","11":"shipping-taxable","12":"product-type-auction"},"publishpress_future_action":{"enabled":false,"date":"2026-04-28 12:12:53","action":"change-status","newStatus":"draft","terms":[],"taxonomy":"product_cat","extraData":[]},"publishpress_future_workflow_manual_trigger":{"enabledWorkflows":[]},"_links":{"self":[{"href":"https:\/\/zsdpb.edu.pl\/index.php\/wp-json\/wp\/v2\/product\/17650","targetHints":{"allow":["GET"]}}],"collection":[{"href":"https:\/\/zsdpb.edu.pl\/index.php\/wp-json\/wp\/v2\/product"}],"about":[{"href":"https:\/\/zsdpb.edu.pl\/index.php\/wp-json\/wp\/v2\/types\/product"}],"replies":[{"embeddable":true,"href":"https:\/\/zsdpb.edu.pl\/index.php\/wp-json\/wp\/v2\/comments?post=17650"}],"wp:featuredmedia":[{"embeddable":true,"href":"https:\/\/zsdpb.edu.pl\/index.php\/wp-json\/wp\/v2\/media\/17654"}],"wp:attachment":[{"href":"https:\/\/zsdpb.edu.pl\/index.php\/wp-json\/wp\/v2\/media?parent=17650"}],"wp:term":[{"taxonomy":"product_brand","embeddable":true,"href":"https:\/\/zsdpb.edu.pl\/index.php\/wp-json\/wp\/v2\/product_brand?post=17650"},{"taxonomy":"product_cat","embeddable":true,"href":"https:\/\/zsdpb.edu.pl\/index.php\/wp-json\/wp\/v2\/product_cat?post=17650"},{"taxonomy":"product_tag","embeddable":true,"href":"https:\/\/zsdpb.edu.pl\/index.php\/wp-json\/wp\/v2\/product_tag?post=17650"}],"curies":[{"name":"wp","href":"https:\/\/api.w.org\/{rel}","templated":true}]}}