{"id":17661,"date":"2026-02-04T10:18:26","date_gmt":"2026-02-04T09:18:26","guid":{"rendered":"https:\/\/zsdpb.edu.pl\/?post_type=product&#038;p=17661"},"modified":"2026-04-15T11:34:03","modified_gmt":"2026-04-15T09:34:03","slug":"plyta-traserska-1600-160-10-2026-5","status":"publish","type":"product","link":"https:\/\/zsdpb.edu.pl\/index.php\/produkt\/plyta-traserska-1600-160-10-2026-5\/","title":{"rendered":"P\u0141YTA TRASERSKA 1600\/160 (10\/2026\/5)"},"content":{"rendered":"<ul>\n<li><span style=\"font-family: georgia, palatino, serif;font-size: 12pt;color: #000000\">P\u0142yta traserska (\u017celiwna) 160 cm x 100 cm wyprodukowana w 1990 r.<\/span><\/li>\n<li><span style=\"font-family: georgia, palatino, serif;font-size: 12pt;color: #000000\">Nadaje si\u0119 do dalszego u\u017cytkowania, cho\u0107 wymaga renowacji.<\/span><\/li>\n<li><span style=\"font-family: georgia, palatino, serif;font-size: 12pt;color: #000000\">Zaleca si\u0119 ogl\u0119dziny przed wzi\u0119ciem udzia\u0142u w licytacji.<\/span><\/li>\n<li><span style=\"font-family: georgia, palatino, serif;font-size: 12pt;color: #000000\">Na ogl\u0119dziny p\u0142yty mo\u017cna um\u00f3wi\u0107 si\u0119 pod numerem telefonu: 85 746 9769.<\/span><\/li>\n<li><span style=\"font-family: georgia, palatino, serif;font-size: 12pt;color: #000000\"><strong>Za\u0142adunek i ewentualny demonta\u017c we w\u0142asnym zakresie.<\/strong>\u00a0<\/span><\/li>\n<\/ul>\n","protected":false},"excerpt":{"rendered":"<p>P\u0142yta traserska (\u017celiwna) 160 cm x 100 cm wyprodukowana w 1990 r. Nadaje si\u0119 do dalszego u\u017cytkowania, cho\u0107 wymaga renowacji. Zaleca si\u0119 ogl\u0119dziny przed wzi\u0119ciem udzia\u0142u w licytacji. Na ogl\u0119dziny p\u0142yty mo\u017cna um\u00f3wi\u0107 si\u0119 pod numerem telefonu: 85 746 9769. Za\u0142adunek i ewentualny demonta\u017c we w\u0142asnym zakresie.\u00a0<\/p>\n","protected":false},"featured_media":17663,"comment_status":"closed","ping_status":"closed","template":"","meta":[],"product_brand":[],"product_cat":[40],"product_tag":[],"class_list":{"0":"post-17661","1":"product","2":"type-product","3":"status-publish","4":"has-post-thumbnail","6":"product_cat-sprzedaz","8":"first","9":"instock","10":"sold-individually","11":"shipping-taxable","12":"product-type-auction"},"publishpress_future_action":{"enabled":false,"date":"2026-04-26 10:54:10","action":"change-status","newStatus":"draft","terms":[],"taxonomy":"product_cat","extraData":[]},"publishpress_future_workflow_manual_trigger":{"enabledWorkflows":[]},"_links":{"self":[{"href":"https:\/\/zsdpb.edu.pl\/index.php\/wp-json\/wp\/v2\/product\/17661","targetHints":{"allow":["GET"]}}],"collection":[{"href":"https:\/\/zsdpb.edu.pl\/index.php\/wp-json\/wp\/v2\/product"}],"about":[{"href":"https:\/\/zsdpb.edu.pl\/index.php\/wp-json\/wp\/v2\/types\/product"}],"replies":[{"embeddable":true,"href":"https:\/\/zsdpb.edu.pl\/index.php\/wp-json\/wp\/v2\/comments?post=17661"}],"wp:featuredmedia":[{"embeddable":true,"href":"https:\/\/zsdpb.edu.pl\/index.php\/wp-json\/wp\/v2\/media\/17663"}],"wp:attachment":[{"href":"https:\/\/zsdpb.edu.pl\/index.php\/wp-json\/wp\/v2\/media?parent=17661"}],"wp:term":[{"taxonomy":"product_brand","embeddable":true,"href":"https:\/\/zsdpb.edu.pl\/index.php\/wp-json\/wp\/v2\/product_brand?post=17661"},{"taxonomy":"product_cat","embeddable":true,"href":"https:\/\/zsdpb.edu.pl\/index.php\/wp-json\/wp\/v2\/product_cat?post=17661"},{"taxonomy":"product_tag","embeddable":true,"href":"https:\/\/zsdpb.edu.pl\/index.php\/wp-json\/wp\/v2\/product_tag?post=17661"}],"curies":[{"name":"wp","href":"https:\/\/api.w.org\/{rel}","templated":true}]}}