{"id":17722,"date":"2026-02-24T10:00:03","date_gmt":"2026-02-24T09:00:03","guid":{"rendered":"https:\/\/zsdpb.edu.pl\/?post_type=product&#038;p=17722"},"modified":"2026-04-14T13:13:32","modified_gmt":"2026-04-14T11:13:32","slug":"spektrofotometr-plomieniowy-absorbcji-atomowej-16-2026-1","status":"publish","type":"product","link":"https:\/\/zsdpb.edu.pl\/index.php\/produkt\/spektrofotometr-plomieniowy-absorbcji-atomowej-16-2026-1\/","title":{"rendered":"SPEKTROFOTOMETR P\u0141OMIENIOWY ABSORBCJI ATOMOWEJ [16\/2026\/1]"},"content":{"rendered":"<ul>\n<li>SPEKTROFOTOMETR P\u0141OMIENIOWY ABSORBCJI ATOMOWEJ model AVANTA PM, firmy GBC wyprodukowany w 2001 roku.<\/li>\n<li>Urz\u0105dzenie po zalaniu, wy\u0142\u0105czone z eksploatacji, z powodu parametr\u00f3w uniemo\u017cliwiaj\u0105cych prawid\u0142owe pomiary przy wykorzystaniu tego spektrofotometru.<\/li>\n<li>Zgodnie z opini\u0105 serwisu: firma GBC nie wspiera ju\u017c w zakresie cz\u0119\u015bci zamiennych oraz aktualizacji oprogramowania spektrofotometr\u00f3w tej serii.<\/li>\n<\/ul>\n","protected":false},"excerpt":{"rendered":"<p>SPEKTROFOTOMETR P\u0141OMIENIOWY ABSORBCJI ATOMOWEJ model AVANTA PM, firmy GBC wyprodukowany w 2001 roku. Urz\u0105dzenie po zalaniu, wy\u0142\u0105czone z eksploatacji, z powodu parametr\u00f3w uniemo\u017cliwiaj\u0105cych prawid\u0142owe pomiary przy wykorzystaniu tego spektrofotometru. Zgodnie z opini\u0105 serwisu: firma GBC nie wspiera ju\u017c w zakresie cz\u0119\u015bci zamiennych oraz aktualizacji oprogramowania spektrofotometr\u00f3w tej serii.<\/p>\n","protected":false},"featured_media":17723,"comment_status":"closed","ping_status":"closed","template":"","meta":[],"product_brand":[],"product_cat":[40],"product_tag":[],"class_list":{"0":"post-17722","1":"product","2":"type-product","3":"status-publish","4":"has-post-thumbnail","6":"product_cat-sprzedaz","8":"first","9":"instock","10":"sold-individually","11":"shipping-taxable","12":"product-type-auction"},"publishpress_future_action":{"enabled":false,"date":"2026-05-04 22:55:26","action":"change-status","newStatus":"draft","terms":[],"taxonomy":"product_cat","extraData":[]},"publishpress_future_workflow_manual_trigger":{"enabledWorkflows":[]},"_links":{"self":[{"href":"https:\/\/zsdpb.edu.pl\/index.php\/wp-json\/wp\/v2\/product\/17722","targetHints":{"allow":["GET"]}}],"collection":[{"href":"https:\/\/zsdpb.edu.pl\/index.php\/wp-json\/wp\/v2\/product"}],"about":[{"href":"https:\/\/zsdpb.edu.pl\/index.php\/wp-json\/wp\/v2\/types\/product"}],"replies":[{"embeddable":true,"href":"https:\/\/zsdpb.edu.pl\/index.php\/wp-json\/wp\/v2\/comments?post=17722"}],"wp:featuredmedia":[{"embeddable":true,"href":"https:\/\/zsdpb.edu.pl\/index.php\/wp-json\/wp\/v2\/media\/17723"}],"wp:attachment":[{"href":"https:\/\/zsdpb.edu.pl\/index.php\/wp-json\/wp\/v2\/media?parent=17722"}],"wp:term":[{"taxonomy":"product_brand","embeddable":true,"href":"https:\/\/zsdpb.edu.pl\/index.php\/wp-json\/wp\/v2\/product_brand?post=17722"},{"taxonomy":"product_cat","embeddable":true,"href":"https:\/\/zsdpb.edu.pl\/index.php\/wp-json\/wp\/v2\/product_cat?post=17722"},{"taxonomy":"product_tag","embeddable":true,"href":"https:\/\/zsdpb.edu.pl\/index.php\/wp-json\/wp\/v2\/product_tag?post=17722"}],"curies":[{"name":"wp","href":"https:\/\/api.w.org\/{rel}","templated":true}]}}