{"id":17867,"date":"2026-04-17T08:01:23","date_gmt":"2026-04-17T06:01:23","guid":{"rendered":"https:\/\/zsdpb.edu.pl\/?post_type=product&#038;p=17867"},"modified":"2026-04-17T08:01:23","modified_gmt":"2026-04-17T06:01:23","slug":"notebook-hp-probook-640b-52-2026-1","status":"publish","type":"product","link":"https:\/\/zsdpb.edu.pl\/index.php\/produkt\/notebook-hp-probook-640b-52-2026-1\/","title":{"rendered":"NOTEBOOK HP PROBOOK 640B [52\/2026\/1]"},"content":{"rendered":"<ul>\n<li>NOTEBOOK HP PROBOOK 640B przyj\u0119ty na ewidencj\u0119 w 2010 roku.<\/li>\n<li>Parametry w momencie zakupu: NOTEBOOK HP PROBOOK 640B IC I5-430M 15,6LED HD+WVA,2GB\/320 DVDRW ATI 512MB W7PRO+OFR+XP; NR: CND0103JOY.<\/li>\n<li>Sprawny, brak torby.<\/li>\n<li>Osob\u0105 odpowiedzialn\u0105 materialnie (przekazuj\u0105c\u0105) jest Pan Krzysztof Piekarski z Wydzia\u0142u Informatyki.<\/li>\n<\/ul>\n<p style=\"text-align: center\">\n<p style=\"text-align: center\"><span style=\"color: #ff0000\"><u>PROPOZYCJA JEDYNIE DLA PRACOWNIK\u00d3W JEDNOSTEK POLITECHNIKI BIA\u0141OSTOCKIEJ.<\/u><\/span><\/p>\n<p style=\"text-align: center\">\n<p style=\"text-align: center\"><span style=\"color: #0000ff\">Przed wys\u0142aniem zg\u0142oszenia o ch\u0119ci zagospodarowania prosimy porozumie\u0107 si\u0119 w tym wzgl\u0119dzie z osob\u0105 materialnie odpowiedzialn\u0105, na stan kt\u00f3rej sk\u0142adnik maj\u0105tkowy przejdzie.<\/span><\/p>\n<p style=\"text-align: center\"><span style=\"color: #0000ff\">Zapraszamy tak\u017ce do wcze\u015bniejszego obejrzenia sk\u0142adnika maj\u0105tkowego.<\/span><\/p>\n<p style=\"font-style: italic;\">Og\u0142oszenie wyga\u015bnie o godzinie: 23:59 dnia:  01-05-2026<\/p>\n","protected":false},"excerpt":{"rendered":"<p>NOTEBOOK HP PROBOOK 640B przyj\u0119ty na ewidencj\u0119 w 2010 roku. Parametry w momencie zakupu: NOTEBOOK HP PROBOOK 640B IC I5-430M 15,6LED HD+WVA,2GB\/320 DVDRW ATI 512MB W7PRO+OFR+XP; NR: CND0103JOY. Sprawny, brak torby. Osob\u0105 odpowiedzialn\u0105 materialnie (przekazuj\u0105c\u0105) jest Pan Krzysztof Piekarski z Wydzia\u0142u Informatyki. PROPOZYCJA JEDYNIE DLA PRACOWNIK\u00d3W JEDNOSTEK POLITECHNIKI BIA\u0141OSTOCKIEJ. Przed [\u2026] <\/p>\n<div class=\"clear\"><\/div>\n<p><a class=\"more_link clearfix\" href=\"https:\/\/zsdpb.edu.pl\/index.php\/produkt\/notebook-hp-probook-640b-52-2026-1\/\" rel=\"nofollow\">Read More<\/a><\/p>\n","protected":false},"featured_media":17868,"comment_status":"closed","ping_status":"closed","template":"","meta":[],"product_brand":[],"product_cat":[9],"product_tag":[],"class_list":{"0":"post-17867","1":"product","2":"type-product","3":"status-publish","4":"has-post-thumbnail","6":"product_cat-zagospodarowanie","8":"first","9":"instock","10":"shipping-taxable","11":"purchasable","12":"product-type-simple"},"publishpress_future_action":{"enabled":true,"date":"2026-05-01 23:59:00","action":"change-status","newStatus":"draft","terms":[0],"taxonomy":"product_cat","extraData":[]},"publishpress_future_workflow_manual_trigger":{"enabledWorkflows":[]},"_links":{"self":[{"href":"https:\/\/zsdpb.edu.pl\/index.php\/wp-json\/wp\/v2\/product\/17867","targetHints":{"allow":["GET"]}}],"collection":[{"href":"https:\/\/zsdpb.edu.pl\/index.php\/wp-json\/wp\/v2\/product"}],"about":[{"href":"https:\/\/zsdpb.edu.pl\/index.php\/wp-json\/wp\/v2\/types\/product"}],"replies":[{"embeddable":true,"href":"https:\/\/zsdpb.edu.pl\/index.php\/wp-json\/wp\/v2\/comments?post=17867"}],"wp:featuredmedia":[{"embeddable":true,"href":"https:\/\/zsdpb.edu.pl\/index.php\/wp-json\/wp\/v2\/media\/17868"}],"wp:attachment":[{"href":"https:\/\/zsdpb.edu.pl\/index.php\/wp-json\/wp\/v2\/media?parent=17867"}],"wp:term":[{"taxonomy":"product_brand","embeddable":true,"href":"https:\/\/zsdpb.edu.pl\/index.php\/wp-json\/wp\/v2\/product_brand?post=17867"},{"taxonomy":"product_cat","embeddable":true,"href":"https:\/\/zsdpb.edu.pl\/index.php\/wp-json\/wp\/v2\/product_cat?post=17867"},{"taxonomy":"product_tag","embeddable":true,"href":"https:\/\/zsdpb.edu.pl\/index.php\/wp-json\/wp\/v2\/product_tag?post=17867"}],"curies":[{"name":"wp","href":"https:\/\/api.w.org\/{rel}","templated":true}]}}