{"id":17898,"date":"2026-05-13T12:46:42","date_gmt":"2026-05-13T10:46:42","guid":{"rendered":"https:\/\/zsdpb.edu.pl\/?post_type=product&#038;p=17898"},"modified":"2026-05-13T12:46:42","modified_gmt":"2026-05-13T10:46:42","slug":"komputer-notebook-acer-38-2026-3-2","status":"publish","type":"product","link":"https:\/\/zsdpb.edu.pl\/index.php\/produkt\/komputer-notebook-acer-38-2026-3-2\/","title":{"rendered":"KOMPUTER NOTEBOOK ACER (38\/2026\/3)"},"content":{"rendered":"<ul>\n<li>Komputer notebook ACER wyprodukowany w 2005 r.<\/li>\n<li>Sprawny \u2013 przestarza\u0142y technologicznie (WIN XP \u2013 zako\u0144czone wsparcie systemowe).<\/li>\n<li>Parametry w momencie zakupu: ACER TRAWELMATE 4851LMI LX. T8406.037:, PR. CENTRINO 1700, 512MB RAM, 80GB, MATRYCA 15,4&#8243;, DVD-RW, K. GR. RADEON 64MB,, K.S.10\/100\/1000MBPS, WI-FI, WIN XP HE, NR FABR: LXTA5050855240D7E5EM01.<\/li>\n<li>W komplecie zasilacz, torby brak.<\/li>\n<li>Sprz\u0119t pozbawiony no\u015bnik\u00f3w danych i licencji.<\/li>\n<\/ul>\n<p style=\"font-style: italic;\">Og\u0142oszenie wyga\u015bnie o godzinie: 23:59 dnia:  27-05-2026<\/p>\n","protected":false},"excerpt":{"rendered":"<p>Komputer notebook ACER wyprodukowany w 2005 r. Sprawny \u2013 przestarza\u0142y technologicznie (WIN XP \u2013 zako\u0144czone wsparcie systemowe). Parametry w momencie zakupu: ACER TRAWELMATE 4851LMI LX. T8406.037:, PR. CENTRINO 1700, 512MB RAM, 80GB, MATRYCA 15,4&#8243;, DVD-RW, K. GR. RADEON 64MB,, K.S.10\/100\/1000MBPS, WI-FI, WIN XP HE, NR FABR: LXTA5050855240D7E5EM01. W komplecie zasilacz, [\u2026] <\/p>\n<div class=\"clear\"><\/div>\n<p><a class=\"more_link clearfix\" href=\"https:\/\/zsdpb.edu.pl\/index.php\/produkt\/komputer-notebook-acer-38-2026-3-2\/\" rel=\"nofollow\">Read More<\/a><\/p>\n","protected":false},"featured_media":17814,"comment_status":"closed","ping_status":"closed","template":"","meta":[],"product_brand":[],"product_cat":[10],"product_tag":[],"class_list":{"0":"post-17898","1":"product","2":"type-product","3":"status-publish","4":"has-post-thumbnail","6":"product_cat-darowizna","8":"first","9":"instock","10":"shipping-taxable","11":"purchasable","12":"product-type-simple"},"publishpress_future_action":{"enabled":true,"date":"2026-05-27 23:59:00","action":"change-status","newStatus":"draft","terms":[0],"taxonomy":"product_cat","extraData":[]},"publishpress_future_workflow_manual_trigger":{"enabledWorkflows":[]},"_links":{"self":[{"href":"https:\/\/zsdpb.edu.pl\/index.php\/wp-json\/wp\/v2\/product\/17898","targetHints":{"allow":["GET"]}}],"collection":[{"href":"https:\/\/zsdpb.edu.pl\/index.php\/wp-json\/wp\/v2\/product"}],"about":[{"href":"https:\/\/zsdpb.edu.pl\/index.php\/wp-json\/wp\/v2\/types\/product"}],"replies":[{"embeddable":true,"href":"https:\/\/zsdpb.edu.pl\/index.php\/wp-json\/wp\/v2\/comments?post=17898"}],"wp:featuredmedia":[{"embeddable":true,"href":"https:\/\/zsdpb.edu.pl\/index.php\/wp-json\/wp\/v2\/media\/17814"}],"wp:attachment":[{"href":"https:\/\/zsdpb.edu.pl\/index.php\/wp-json\/wp\/v2\/media?parent=17898"}],"wp:term":[{"taxonomy":"product_brand","embeddable":true,"href":"https:\/\/zsdpb.edu.pl\/index.php\/wp-json\/wp\/v2\/product_brand?post=17898"},{"taxonomy":"product_cat","embeddable":true,"href":"https:\/\/zsdpb.edu.pl\/index.php\/wp-json\/wp\/v2\/product_cat?post=17898"},{"taxonomy":"product_tag","embeddable":true,"href":"https:\/\/zsdpb.edu.pl\/index.php\/wp-json\/wp\/v2\/product_tag?post=17898"}],"curies":[{"name":"wp","href":"https:\/\/api.w.org\/{rel}","templated":true}]}}