{"id":17899,"date":"2026-05-13T12:48:52","date_gmt":"2026-05-13T10:48:52","guid":{"rendered":"https:\/\/zsdpb.edu.pl\/?post_type=product&#038;p=17899"},"modified":"2026-05-13T12:48:52","modified_gmt":"2026-05-13T10:48:52","slug":"komputer-dell-op-360-dt-38-2026-9-2","status":"publish","type":"product","link":"https:\/\/zsdpb.edu.pl\/index.php\/produkt\/komputer-dell-op-360-dt-38-2026-9-2\/","title":{"rendered":"KOMPUTER DELL OP 360 DT (38\/2026\/9)"},"content":{"rendered":"<ul>\n<li>Komputer DELL OP 360 DT wyprodukowany w 2009 r.<\/li>\n<li>Sprawny &#8211; przestarza\u0142y model.<\/li>\n<li>Parametry w momencie zakupu: KOMPUTER DELL OP 360DT C2D E7300 VB XP PRO + MS OFFICE 2007 SNGL OLP NL AE.<\/li>\n<li>Sprz\u0119t pozbawiony no\u015bnik\u00f3w danych i licencji.<\/li>\n<\/ul>\n<p style=\"font-style: italic;\">Og\u0142oszenie wyga\u015bnie o godzinie: 23:59 dnia:  27-05-2026<\/p>\n","protected":false},"excerpt":{"rendered":"<p>Komputer DELL OP 360 DT wyprodukowany w 2009 r. Sprawny &#8211; przestarza\u0142y model. Parametry w momencie zakupu: KOMPUTER DELL OP 360DT C2D E7300 VB XP PRO + MS OFFICE 2007 SNGL OLP NL AE. Sprz\u0119t pozbawiony no\u015bnik\u00f3w danych i licencji. Og\u0142oszenie wyga\u015bnie o godzinie: 23:59 dnia: 27-05-2026<\/p>\n","protected":false},"featured_media":17822,"comment_status":"closed","ping_status":"closed","template":"","meta":[],"product_brand":[],"product_cat":[10],"product_tag":[],"class_list":{"0":"post-17899","1":"product","2":"type-product","3":"status-publish","4":"has-post-thumbnail","6":"product_cat-darowizna","8":"first","9":"instock","10":"shipping-taxable","11":"purchasable","12":"product-type-simple"},"publishpress_future_action":{"enabled":true,"date":"2026-05-27 23:59:00","action":"change-status","newStatus":"draft","terms":[0],"taxonomy":"product_cat","extraData":[]},"publishpress_future_workflow_manual_trigger":{"enabledWorkflows":[]},"_links":{"self":[{"href":"https:\/\/zsdpb.edu.pl\/index.php\/wp-json\/wp\/v2\/product\/17899","targetHints":{"allow":["GET"]}}],"collection":[{"href":"https:\/\/zsdpb.edu.pl\/index.php\/wp-json\/wp\/v2\/product"}],"about":[{"href":"https:\/\/zsdpb.edu.pl\/index.php\/wp-json\/wp\/v2\/types\/product"}],"replies":[{"embeddable":true,"href":"https:\/\/zsdpb.edu.pl\/index.php\/wp-json\/wp\/v2\/comments?post=17899"}],"wp:featuredmedia":[{"embeddable":true,"href":"https:\/\/zsdpb.edu.pl\/index.php\/wp-json\/wp\/v2\/media\/17822"}],"wp:attachment":[{"href":"https:\/\/zsdpb.edu.pl\/index.php\/wp-json\/wp\/v2\/media?parent=17899"}],"wp:term":[{"taxonomy":"product_brand","embeddable":true,"href":"https:\/\/zsdpb.edu.pl\/index.php\/wp-json\/wp\/v2\/product_brand?post=17899"},{"taxonomy":"product_cat","embeddable":true,"href":"https:\/\/zsdpb.edu.pl\/index.php\/wp-json\/wp\/v2\/product_cat?post=17899"},{"taxonomy":"product_tag","embeddable":true,"href":"https:\/\/zsdpb.edu.pl\/index.php\/wp-json\/wp\/v2\/product_tag?post=17899"}],"curies":[{"name":"wp","href":"https:\/\/api.w.org\/{rel}","templated":true}]}}