{"id":5526,"date":"2017-07-20T13:19:51","date_gmt":"2017-07-20T11:19:51","guid":{"rendered":"http:\/\/zsdpb.edu.pl\/?post_type=product&#038;p=5526"},"modified":"2018-02-20T12:39:10","modified_gmt":"2018-02-20T11:39:10","slug":"stol-demonstracyjny-5020177","status":"publish","type":"product","link":"https:\/\/zsdpb.edu.pl\/index.php\/produkt\/stol-demonstracyjny-5020177\/","title":{"rendered":"ST\u00d3\u0141 DEMONSTRACYJNY  50\/2017\/7"},"content":{"rendered":"<ul>\n<li><em>St\u00f3\u0142 demonstracyjny zakupiony w 1984 r.<\/em><\/li>\n<li><em>Wymiary: szeroko\u015b\u0107 \u2013 60 cm, d\u0142ugo\u015b\u0107 \u2013 125 cm, wysoko\u015b\u0107 \u2013 76 cm.<\/em><\/li>\n<li><em>St\u00f3\u0142 nadaje si\u0119 do dalszego u\u017cytkowania.<\/em><\/li>\n<\/ul>\n","protected":false},"excerpt":{"rendered":"<p>St\u00f3\u0142 demonstracyjny zakupiony w 1984 r. Wymiary: szeroko\u015b\u0107 \u2013 60 cm, d\u0142ugo\u015b\u0107 \u2013 125 cm, wysoko\u015b\u0107 \u2013 76 cm. St\u00f3\u0142 nadaje si\u0119 do dalszego u\u017cytkowania.<\/p>\n","protected":false},"featured_media":5529,"comment_status":"open","ping_status":"closed","template":"","meta":[],"product_brand":[],"product_cat":[10],"product_tag":[],"class_list":{"0":"post-5526","1":"product","2":"type-product","3":"status-publish","4":"has-post-thumbnail","6":"product_cat-darowizna","8":"first","9":"outofstock","10":"shipping-taxable","11":"purchasable","12":"product-type-simple"},"publishpress_future_action":{"enabled":false,"date":"2026-05-07 06:45:58","action":"change-status","newStatus":"draft","terms":[],"taxonomy":"product_cat","extraData":[]},"publishpress_future_workflow_manual_trigger":{"enabledWorkflows":[]},"_links":{"self":[{"href":"https:\/\/zsdpb.edu.pl\/index.php\/wp-json\/wp\/v2\/product\/5526","targetHints":{"allow":["GET"]}}],"collection":[{"href":"https:\/\/zsdpb.edu.pl\/index.php\/wp-json\/wp\/v2\/product"}],"about":[{"href":"https:\/\/zsdpb.edu.pl\/index.php\/wp-json\/wp\/v2\/types\/product"}],"replies":[{"embeddable":true,"href":"https:\/\/zsdpb.edu.pl\/index.php\/wp-json\/wp\/v2\/comments?post=5526"}],"wp:featuredmedia":[{"embeddable":true,"href":"https:\/\/zsdpb.edu.pl\/index.php\/wp-json\/wp\/v2\/media\/5529"}],"wp:attachment":[{"href":"https:\/\/zsdpb.edu.pl\/index.php\/wp-json\/wp\/v2\/media?parent=5526"}],"wp:term":[{"taxonomy":"product_brand","embeddable":true,"href":"https:\/\/zsdpb.edu.pl\/index.php\/wp-json\/wp\/v2\/product_brand?post=5526"},{"taxonomy":"product_cat","embeddable":true,"href":"https:\/\/zsdpb.edu.pl\/index.php\/wp-json\/wp\/v2\/product_cat?post=5526"},{"taxonomy":"product_tag","embeddable":true,"href":"https:\/\/zsdpb.edu.pl\/index.php\/wp-json\/wp\/v2\/product_tag?post=5526"}],"curies":[{"name":"wp","href":"https:\/\/api.w.org\/{rel}","templated":true}]}}