{"id":5719,"date":"2017-08-16T11:32:51","date_gmt":"2017-08-16T09:32:51","guid":{"rendered":"https:\/\/zsdpb.edu.pl\/?post_type=product&#038;p=5719"},"modified":"2017-08-30T13:44:52","modified_gmt":"2017-08-30T11:44:52","slug":"strugarka-pac-20-8120172","status":"publish","type":"product","link":"https:\/\/zsdpb.edu.pl\/index.php\/produkt\/strugarka-pac-20-8120172\/","title":{"rendered":"STRUGARKA PAC-20  81\/2017\/2"},"content":{"rendered":"<ul>\n<li><em>Strugarka poprzeczna do metalu PAC-20 wyprodukowana w 1981 r.<\/em><\/li>\n<li><em>Sprawna.<\/em><\/li>\n<li><em>Producent: PSTWSz &#8211; Polska.<\/em><\/li>\n<li><em>Nr fabryczny: 359\/947.<\/em><\/li>\n<li><em>Skok no\u017ca: 200 mm + imad\u0142o mocuj\u0105ce.<\/em><\/li>\n<li><em>Maksymalne wymiary: d\u0142ugo\u015b\u0107 \u2013 80 cm, szeroko\u015b\u0107 \u2013 80 cm, wysoko\u015b\u0107 \u2013 150 cm.<\/em><\/li>\n<li><em>Waga \u2013 oko\u0142o 300 kg.<\/em><\/li>\n<\/ul>\n<p><a href=\"https:\/\/zsdpb.edu.pl\/wp-content\/uploads\/2017\/08\/STRUGARKA-POPRZECZNA-DO-METALU.jpeg\">Wycena &gt;&gt;&gt;<\/a><\/p>\n","protected":false},"excerpt":{"rendered":"<p><a href=\"https:\/\/zsdpb.edu.pl\/wp-content\/uploads\/2017\/08\/STRUGARKA-POPRZECZNA-DO-METALU.jpeg\">Wycena &gt;&gt;&gt;<\/a><\/p>\n","protected":false},"featured_media":5720,"comment_status":"closed","ping_status":"closed","template":"","meta":[],"product_brand":[],"product_cat":[40],"product_tag":[],"class_list":{"0":"post-5719","1":"product","2":"type-product","3":"status-publish","4":"has-post-thumbnail","6":"product_cat-sprzedaz","8":"first","9":"outofstock","10":"sold-individually","11":"shipping-taxable","12":"product-type-auction"},"publishpress_future_action":{"enabled":false,"date":"2026-04-15 10:50:47","action":"change-status","newStatus":"draft","terms":[],"taxonomy":"product_cat","extraData":[]},"publishpress_future_workflow_manual_trigger":{"enabledWorkflows":[]},"_links":{"self":[{"href":"https:\/\/zsdpb.edu.pl\/index.php\/wp-json\/wp\/v2\/product\/5719","targetHints":{"allow":["GET"]}}],"collection":[{"href":"https:\/\/zsdpb.edu.pl\/index.php\/wp-json\/wp\/v2\/product"}],"about":[{"href":"https:\/\/zsdpb.edu.pl\/index.php\/wp-json\/wp\/v2\/types\/product"}],"replies":[{"embeddable":true,"href":"https:\/\/zsdpb.edu.pl\/index.php\/wp-json\/wp\/v2\/comments?post=5719"}],"wp:featuredmedia":[{"embeddable":true,"href":"https:\/\/zsdpb.edu.pl\/index.php\/wp-json\/wp\/v2\/media\/5720"}],"wp:attachment":[{"href":"https:\/\/zsdpb.edu.pl\/index.php\/wp-json\/wp\/v2\/media?parent=5719"}],"wp:term":[{"taxonomy":"product_brand","embeddable":true,"href":"https:\/\/zsdpb.edu.pl\/index.php\/wp-json\/wp\/v2\/product_brand?post=5719"},{"taxonomy":"product_cat","embeddable":true,"href":"https:\/\/zsdpb.edu.pl\/index.php\/wp-json\/wp\/v2\/product_cat?post=5719"},{"taxonomy":"product_tag","embeddable":true,"href":"https:\/\/zsdpb.edu.pl\/index.php\/wp-json\/wp\/v2\/product_tag?post=5719"}],"curies":[{"name":"wp","href":"https:\/\/api.w.org\/{rel}","templated":true}]}}