{"id":6151,"date":"2018-02-19T09:57:02","date_gmt":"2018-02-19T08:57:02","guid":{"rendered":"https:\/\/zsdpb.edu.pl\/?post_type=product&#038;p=6151"},"modified":"2018-03-21T00:00:20","modified_gmt":"2018-03-20T23:00:20","slug":"skaner-hp-plustek-a3u-9-2018-3","status":"publish","type":"product","link":"https:\/\/zsdpb.edu.pl\/index.php\/produkt\/skaner-hp-plustek-a3u-9-2018-3\/","title":{"rendered":"SKANER HP PLUSTEK A3U 9\/2018\/3"},"content":{"rendered":"<ul>\n<li>Skaner HP PLUSTEK A3U wyprodukowany w 2003 r.<\/li>\n<li>Sprawny \u2013 brak sterownik\u00f3w, brak oprogramowania, wsp\u00f3\u0142pracuje jedynie z Windows XP.\n<p style=\"text-align: center\">\n<p>&nbsp;<\/li>\n<\/ul>\n","protected":false},"excerpt":{"rendered":"<p>Skaner HP PLUSTEK A3U wyprodukowany w 2003 r. Sprawny \u2013 brak sterownik\u00f3w, brak oprogramowania, wsp\u00f3\u0142pracuje jedynie z Windows XP. &nbsp;<\/p>\n","protected":false},"featured_media":6152,"comment_status":"closed","ping_status":"closed","template":"","meta":[],"product_brand":[],"product_cat":[40],"product_tag":[],"class_list":{"0":"post-6151","1":"product","2":"type-product","3":"status-publish","4":"has-post-thumbnail","6":"product_cat-sprzedaz","8":"first","9":"outofstock","10":"sold-individually","11":"shipping-taxable","12":"product-type-auction"},"publishpress_future_action":{"enabled":false,"date":"2026-04-12 17:38:04","action":"change-status","newStatus":"draft","terms":[],"taxonomy":"product_cat","extraData":[]},"publishpress_future_workflow_manual_trigger":{"enabledWorkflows":[]},"_links":{"self":[{"href":"https:\/\/zsdpb.edu.pl\/index.php\/wp-json\/wp\/v2\/product\/6151","targetHints":{"allow":["GET"]}}],"collection":[{"href":"https:\/\/zsdpb.edu.pl\/index.php\/wp-json\/wp\/v2\/product"}],"about":[{"href":"https:\/\/zsdpb.edu.pl\/index.php\/wp-json\/wp\/v2\/types\/product"}],"replies":[{"embeddable":true,"href":"https:\/\/zsdpb.edu.pl\/index.php\/wp-json\/wp\/v2\/comments?post=6151"}],"wp:featuredmedia":[{"embeddable":true,"href":"https:\/\/zsdpb.edu.pl\/index.php\/wp-json\/wp\/v2\/media\/6152"}],"wp:attachment":[{"href":"https:\/\/zsdpb.edu.pl\/index.php\/wp-json\/wp\/v2\/media?parent=6151"}],"wp:term":[{"taxonomy":"product_brand","embeddable":true,"href":"https:\/\/zsdpb.edu.pl\/index.php\/wp-json\/wp\/v2\/product_brand?post=6151"},{"taxonomy":"product_cat","embeddable":true,"href":"https:\/\/zsdpb.edu.pl\/index.php\/wp-json\/wp\/v2\/product_cat?post=6151"},{"taxonomy":"product_tag","embeddable":true,"href":"https:\/\/zsdpb.edu.pl\/index.php\/wp-json\/wp\/v2\/product_tag?post=6151"}],"curies":[{"name":"wp","href":"https:\/\/api.w.org\/{rel}","templated":true}]}}