{"id":6951,"date":"2018-04-23T08:58:58","date_gmt":"2018-04-23T06:58:58","guid":{"rendered":"https:\/\/zsdpb.edu.pl\/?post_type=product&#038;p=6951"},"modified":"2018-05-08T12:02:07","modified_gmt":"2018-05-08T10:02:07","slug":"kamera-jvc-gr-d-360-35-2018-8","status":"publish","type":"product","link":"https:\/\/zsdpb.edu.pl\/index.php\/produkt\/kamera-jvc-gr-d-360-35-2018-8\/","title":{"rendered":"KAMERA JVC GR-D 360 35\/2018\/8"},"content":{"rendered":"<ul>\n<li><span style=\"margin: 0px;color: black;font-family: georgia,palatino,serif;font-size: 12pt\">Cyfrowa kamera wideo JVC GR-D 360 E na kasety Mini DV zakupiona w 2007 r.<\/span><\/li>\n<li><span style=\"margin: 0px;color: black;font-family: georgia,palatino,serif;font-size: 12pt\">Sprawna.<\/span><\/li>\n<li><span style=\"color: #000000;font-family: georgia,palatino,serif;font-size: 12pt\"><span style=\"margin: 0px\">W komplecie torba, zasilacz sieciowy, dwa akumulatory, pilot, bateria litowa do pilota, pokrywa obiektywu.<\/span><\/span><\/li>\n<li><span style=\"margin: 0px;color: black;font-family: georgia,palatino,serif;font-size: 12pt\">Wymiary: szeroko\u015b\u0107 \u2013 59 mm, wysoko\u015b\u0107 &#8211; 94 mm, g\u0142\u0119boko\u015b\u0107 \u2013 114 mm (z zamkni\u0119tym monitorem ciek\u0142okrystalicznym i wci\u015bni\u0119tym wizjerem).<\/span><\/li>\n<li><span style=\"margin: 0px;color: black;font-family: georgia,palatino,serif;font-size: 12pt\">Ci\u0119\u017car: oko\u0142o 480 g z akumulatorem, kaset\u0105, kart\u0105 pami\u0119ci i pokryw\u0105 obiektywu.<\/span><\/li>\n<li><span style=\"margin: 0px;color: black;font-family: georgia,palatino,serif;font-size: 12pt\">Przechwytywanie: 1\/6\u201d CCD.<\/span><\/li>\n<li><span style=\"margin: 0px;color: black;font-family: georgia,palatino,serif;font-size: 12pt\">Obiektyw: F 2,0, f = 2,3 mm do 73,6 mm, obiektyw du\u017cych zbli\u017ce\u0144 32:1.<\/span><\/li>\n<li><span style=\"margin: 0px;color: black;font-family: georgia,palatino,serif;font-size: 12pt\">\u015arednica filtra: \u00d8 27 mm.<\/span><\/li>\n<li><span style=\"margin: 0px;color: black;font-family: georgia,palatino,serif;font-size: 12pt\">Monitor ciek\u0142okrystaliczny: przek\u0105tna 2,5\u201d, system panelu ciek\u0142okrystalicznego\/ aktywnej matrycy TFT.<\/span><\/li>\n<li><span style=\"margin: 0px;color: black;font-family: georgia,palatino,serif;font-size: 12pt\">Wizjer: elektroniczny z kolorowym wy\u015bwietlaczem ciek\u0142okrystalicznym 0,33\u201d.<\/span><\/li>\n<li><span style=\"margin: 0px;color: black;font-family: georgia,palatino,serif;font-size: 12pt\">G\u0142o\u015bnik monofoniczny.<\/span><\/li>\n<li><span style=\"margin: 0px;color: black;font-family: georgia,palatino,serif;font-size: 12pt\">Lampa LED: efektywny zasi\u0119g \u2013 1,5 m.<\/span><\/li>\n<li><span style=\"margin: 0px;color: black;font-family: georgia,palatino,serif;font-size: 12pt\">Kamera zaprojektowana jest wy\u0142\u0105cznie dla cyfrowych kaset wideo, Kart Pami\u0119ci SD i Kart MultiMedialnych.<\/span><\/li>\n<\/ul>\n<p align=\"center\">\n<p>&nbsp;<\/p>\n","protected":false},"excerpt":{"rendered":"<p><a href=\"https:\/\/zsdpb.edu.pl\/wp-content\/uploads\/2018\/04\/jvc.pdf\">Instrukcja &#8211; PDF<\/a><\/p>\n","protected":false},"featured_media":6952,"comment_status":"closed","ping_status":"closed","template":"","meta":[],"product_brand":[],"product_cat":[40],"product_tag":[],"class_list":{"0":"post-6951","1":"product","2":"type-product","3":"status-publish","4":"has-post-thumbnail","6":"product_cat-sprzedaz","8":"first","9":"instock","10":"sold-individually","11":"shipping-taxable","12":"product-type-auction"},"publishpress_future_action":{"enabled":false,"date":"2026-05-12 01:41:41","action":"change-status","newStatus":"draft","terms":[],"taxonomy":"product_cat","extraData":[]},"publishpress_future_workflow_manual_trigger":{"enabledWorkflows":[]},"_links":{"self":[{"href":"https:\/\/zsdpb.edu.pl\/index.php\/wp-json\/wp\/v2\/product\/6951","targetHints":{"allow":["GET"]}}],"collection":[{"href":"https:\/\/zsdpb.edu.pl\/index.php\/wp-json\/wp\/v2\/product"}],"about":[{"href":"https:\/\/zsdpb.edu.pl\/index.php\/wp-json\/wp\/v2\/types\/product"}],"replies":[{"embeddable":true,"href":"https:\/\/zsdpb.edu.pl\/index.php\/wp-json\/wp\/v2\/comments?post=6951"}],"wp:featuredmedia":[{"embeddable":true,"href":"https:\/\/zsdpb.edu.pl\/index.php\/wp-json\/wp\/v2\/media\/6952"}],"wp:attachment":[{"href":"https:\/\/zsdpb.edu.pl\/index.php\/wp-json\/wp\/v2\/media?parent=6951"}],"wp:term":[{"taxonomy":"product_brand","embeddable":true,"href":"https:\/\/zsdpb.edu.pl\/index.php\/wp-json\/wp\/v2\/product_brand?post=6951"},{"taxonomy":"product_cat","embeddable":true,"href":"https:\/\/zsdpb.edu.pl\/index.php\/wp-json\/wp\/v2\/product_cat?post=6951"},{"taxonomy":"product_tag","embeddable":true,"href":"https:\/\/zsdpb.edu.pl\/index.php\/wp-json\/wp\/v2\/product_tag?post=6951"}],"curies":[{"name":"wp","href":"https:\/\/api.w.org\/{rel}","templated":true}]}}