{"id":7023,"date":"2018-04-25T13:47:37","date_gmt":"2018-04-25T11:47:37","guid":{"rendered":"https:\/\/zsdpb.edu.pl\/?post_type=product&#038;p=7023"},"modified":"2018-06-19T09:42:00","modified_gmt":"2018-06-19T07:42:00","slug":"przyrzad-do-kontroli-geometrii-29-2018-8","status":"publish","type":"product","link":"https:\/\/zsdpb.edu.pl\/index.php\/produkt\/przyrzad-do-kontroli-geometrii-29-2018-8\/","title":{"rendered":"PRZYRZ\u0104D DO KONTROLI GEOMETRII  29\/2018\/9"},"content":{"rendered":"<ul>\n<li>PRZYRZ\u0104D DO KONTROLI GEOMETRII K\u00d3\u0141 SAMOCHODOWYCH, typ GT1216 QUATRO wyprodukowany w 1993 roku.<\/li>\n<li>Czteroczujnikowy optyczno \u2013 mechaniczny przyrz\u0105d do kontroli geometrii k\u00f3\u0142 samochodowych Auto-Geo-Test, typ Gto-Quatro.<\/li>\n<li>W zestawie: zespo\u0142y pomiarowe przednie szt. 2, zespo\u0142y pomiarowe tylne szt. 2, obrotnice mechaniczne szt. 2, najazdy szt.2, zaciski mocuj\u0105ce na ko\u0142a 4 szt. 12&#8243; &#8211; 16&#8243;, rozp\u00f3rka do peda\u0142u hamulca, blokada kierownicy, w\u00f3zek, ekrany tylne (tzw. chor\u0105giewki) szt. 2, zasilacz, p\u0142yty rolkowe szt. 2, instrukcja obs\u0142ugi, najazdy szt. 4, przyrz\u0105d do kalibracji zespo\u0142\u00f3w tylnych szt. 1.<\/li>\n<li>Wymaga kalibracji, zestaw jest niekompletny \u2013 brakuje kilku pokr\u0119te\u0142 w zaciskach mocuj\u0105cych do k\u00f3\u0142, niekt\u00f3re pokr\u0119t\u0142a s\u0105 uszkodzone, brak kompletu \u0142ap wymiennych do zacisk\u00f3w mocuj\u0105cych na ko\u0142a, brak jednego pokr\u0119t\u0142a w zespole pomiarowym tylnym, chor\u0105giewki niekompletne.<\/li>\n<\/ul>\n<p style=\"text-align: center\">\n","protected":false},"excerpt":{"rendered":"<p>PRZYRZ\u0104D DO KONTROLI GEOMETRII K\u00d3\u0141 SAMOCHODOWYCH, typ GT1216 QUATRO wyprodukowany w 1993 roku. Czteroczujnikowy optyczno \u2013 mechaniczny przyrz\u0105d do kontroli geometrii k\u00f3\u0142 samochodowych Auto-Geo-Test, typ Gto-Quatro. W zestawie: zespo\u0142y pomiarowe przednie szt. 2, zespo\u0142y pomiarowe tylne szt. 2, obrotnice mechaniczne szt. 2, najazdy szt.2, zaciski mocuj\u0105ce na ko\u0142a 4 szt. [\u2026] <\/p>\n<div class=\"clear\"><\/div>\n<p><a class=\"more_link clearfix\" href=\"https:\/\/zsdpb.edu.pl\/index.php\/produkt\/przyrzad-do-kontroli-geometrii-29-2018-8\/\" rel=\"nofollow\">Read More<\/a><\/p>\n","protected":false},"featured_media":7009,"comment_status":"closed","ping_status":"closed","template":"","meta":[],"product_brand":[],"product_cat":[40],"product_tag":[],"class_list":{"0":"post-7023","1":"product","2":"type-product","3":"status-publish","4":"has-post-thumbnail","6":"product_cat-sprzedaz","8":"first","9":"outofstock","10":"sold-individually","11":"shipping-taxable","12":"product-type-auction"},"publishpress_future_action":{"enabled":false,"date":"2026-05-24 13:15:18","action":"change-status","newStatus":"draft","terms":[],"taxonomy":"product_cat","extraData":[]},"publishpress_future_workflow_manual_trigger":{"enabledWorkflows":[]},"_links":{"self":[{"href":"https:\/\/zsdpb.edu.pl\/index.php\/wp-json\/wp\/v2\/product\/7023","targetHints":{"allow":["GET"]}}],"collection":[{"href":"https:\/\/zsdpb.edu.pl\/index.php\/wp-json\/wp\/v2\/product"}],"about":[{"href":"https:\/\/zsdpb.edu.pl\/index.php\/wp-json\/wp\/v2\/types\/product"}],"replies":[{"embeddable":true,"href":"https:\/\/zsdpb.edu.pl\/index.php\/wp-json\/wp\/v2\/comments?post=7023"}],"wp:featuredmedia":[{"embeddable":true,"href":"https:\/\/zsdpb.edu.pl\/index.php\/wp-json\/wp\/v2\/media\/7009"}],"wp:attachment":[{"href":"https:\/\/zsdpb.edu.pl\/index.php\/wp-json\/wp\/v2\/media?parent=7023"}],"wp:term":[{"taxonomy":"product_brand","embeddable":true,"href":"https:\/\/zsdpb.edu.pl\/index.php\/wp-json\/wp\/v2\/product_brand?post=7023"},{"taxonomy":"product_cat","embeddable":true,"href":"https:\/\/zsdpb.edu.pl\/index.php\/wp-json\/wp\/v2\/product_cat?post=7023"},{"taxonomy":"product_tag","embeddable":true,"href":"https:\/\/zsdpb.edu.pl\/index.php\/wp-json\/wp\/v2\/product_tag?post=7023"}],"curies":[{"name":"wp","href":"https:\/\/api.w.org\/{rel}","templated":true}]}}