{"id":7107,"date":"2018-05-14T12:23:58","date_gmt":"2018-05-14T10:23:58","guid":{"rendered":"https:\/\/zsdpb.edu.pl\/?post_type=product&#038;p=7107"},"modified":"2018-10-04T10:06:47","modified_gmt":"2018-10-04T08:06:47","slug":"komputer-abc-ce-46-2018-1","status":"publish","type":"product","link":"https:\/\/zsdpb.edu.pl\/index.php\/produkt\/komputer-abc-ce-46-2018-1\/","title":{"rendered":"KOMPUTER ABC CE 46\/2018\/1"},"content":{"rendered":"<ul>\n<li>Komputer ABC CE-Intel CELERON440 wyprodukowany w 2008 r.<\/li>\n<li>Sprawny.<\/li>\n<li>Parametry w momencie zakupu: Komputer ABC CE-Intel CELERON440, 2GHz, 1GB, 80GB.<\/li>\n<li>Sprz\u0119t pozbawiony no\u015bnik\u00f3w magnetycznych.<\/li>\n<\/ul>\n<p style=\"text-align: center\">\n","protected":false},"excerpt":{"rendered":"<p>Komputer ABC CE-Intel CELERON440 wyprodukowany w 2008 r. Sprawny. Parametry w momencie zakupu: Komputer ABC CE-Intel CELERON440, 2GHz, 1GB, 80GB. Sprz\u0119t pozbawiony no\u015bnik\u00f3w magnetycznych.<\/p>\n","protected":false},"featured_media":7108,"comment_status":"closed","ping_status":"closed","template":"","meta":[],"product_brand":[],"product_cat":[41],"product_tag":[],"class_list":{"0":"post-7107","1":"product","2":"type-product","3":"status-publish","4":"has-post-thumbnail","6":"product_cat-bez-kategorii","8":"first","9":"instock","10":"sold-individually","11":"shipping-taxable","12":"product-type-auction"},"publishpress_future_action":{"enabled":false,"date":"2026-05-05 03:25:41","action":"change-status","newStatus":"draft","terms":[],"taxonomy":"product_cat","extraData":[]},"publishpress_future_workflow_manual_trigger":{"enabledWorkflows":[]},"_links":{"self":[{"href":"https:\/\/zsdpb.edu.pl\/index.php\/wp-json\/wp\/v2\/product\/7107","targetHints":{"allow":["GET"]}}],"collection":[{"href":"https:\/\/zsdpb.edu.pl\/index.php\/wp-json\/wp\/v2\/product"}],"about":[{"href":"https:\/\/zsdpb.edu.pl\/index.php\/wp-json\/wp\/v2\/types\/product"}],"replies":[{"embeddable":true,"href":"https:\/\/zsdpb.edu.pl\/index.php\/wp-json\/wp\/v2\/comments?post=7107"}],"wp:featuredmedia":[{"embeddable":true,"href":"https:\/\/zsdpb.edu.pl\/index.php\/wp-json\/wp\/v2\/media\/7108"}],"wp:attachment":[{"href":"https:\/\/zsdpb.edu.pl\/index.php\/wp-json\/wp\/v2\/media?parent=7107"}],"wp:term":[{"taxonomy":"product_brand","embeddable":true,"href":"https:\/\/zsdpb.edu.pl\/index.php\/wp-json\/wp\/v2\/product_brand?post=7107"},{"taxonomy":"product_cat","embeddable":true,"href":"https:\/\/zsdpb.edu.pl\/index.php\/wp-json\/wp\/v2\/product_cat?post=7107"},{"taxonomy":"product_tag","embeddable":true,"href":"https:\/\/zsdpb.edu.pl\/index.php\/wp-json\/wp\/v2\/product_tag?post=7107"}],"curies":[{"name":"wp","href":"https:\/\/api.w.org\/{rel}","templated":true}]}}