{"id":7263,"date":"2018-06-14T07:49:16","date_gmt":"2018-06-14T05:49:16","guid":{"rendered":"https:\/\/zsdpb.edu.pl\/?post_type=product&#038;p=7263"},"modified":"2018-10-04T10:09:08","modified_gmt":"2018-10-04T08:09:08","slug":"komputer-ntt-piv-3000-50-2018-8","status":"publish","type":"product","link":"https:\/\/zsdpb.edu.pl\/index.php\/produkt\/komputer-ntt-piv-3000-50-2018-8\/","title":{"rendered":"Komputer NTT PIV 3000 50\/2018\/8"},"content":{"rendered":"<ul>\n<li>Komputer NTT PIV 3000 wyprodukowany w 2006 roku.<\/li>\n<li>Sprawny, brak kabli: zasilaj\u0105cego i sygna\u0142owego.<\/li>\n<li>Parametry w momencie zakupu: KOMPUTER NTT SYMFONIA H300, P\u0141. G\u0141. GA-81915P-D, PR.PIV 3000, FDD, 2x256MB DDR2, OBUD. MDT, K.GR.RADEON X600 128MB, DVD+\/-R\/RW SAMSUNG, DYSK 120GB, KONTROLER FIREWIRE PCI, BEZ SYSTEMU.<\/li>\n<li>Sprz\u0119t pozbawiony no\u015bnik\u00f3w magnetycznych i licencji.<\/li>\n<\/ul>\n","protected":false},"excerpt":{"rendered":"<p>Komputer NTT PIV 3000 wyprodukowany w 2006 roku. Sprawny, brak kabli: zasilaj\u0105cego i sygna\u0142owego. Parametry w momencie zakupu: KOMPUTER NTT SYMFONIA H300, P\u0141. G\u0141. GA-81915P-D, PR.PIV 3000, FDD, 2x256MB DDR2, OBUD. MDT, K.GR.RADEON X600 128MB, DVD+\/-R\/RW SAMSUNG, DYSK 120GB, KONTROLER FIREWIRE PCI, BEZ SYSTEMU. Sprz\u0119t pozbawiony no\u015bnik\u00f3w magnetycznych i licencji.<\/p>\n","protected":false},"featured_media":7264,"comment_status":"closed","ping_status":"closed","template":"","meta":[],"product_brand":[],"product_cat":[41],"product_tag":[],"class_list":{"0":"post-7263","1":"product","2":"type-product","3":"status-publish","4":"has-post-thumbnail","6":"product_cat-bez-kategorii","8":"first","9":"instock","10":"sold-individually","11":"shipping-taxable","12":"product-type-auction"},"publishpress_future_action":{"enabled":false,"date":"2026-05-05 05:06:14","action":"change-status","newStatus":"draft","terms":[],"taxonomy":"product_cat","extraData":[]},"publishpress_future_workflow_manual_trigger":{"enabledWorkflows":[]},"_links":{"self":[{"href":"https:\/\/zsdpb.edu.pl\/index.php\/wp-json\/wp\/v2\/product\/7263","targetHints":{"allow":["GET"]}}],"collection":[{"href":"https:\/\/zsdpb.edu.pl\/index.php\/wp-json\/wp\/v2\/product"}],"about":[{"href":"https:\/\/zsdpb.edu.pl\/index.php\/wp-json\/wp\/v2\/types\/product"}],"replies":[{"embeddable":true,"href":"https:\/\/zsdpb.edu.pl\/index.php\/wp-json\/wp\/v2\/comments?post=7263"}],"wp:featuredmedia":[{"embeddable":true,"href":"https:\/\/zsdpb.edu.pl\/index.php\/wp-json\/wp\/v2\/media\/7264"}],"wp:attachment":[{"href":"https:\/\/zsdpb.edu.pl\/index.php\/wp-json\/wp\/v2\/media?parent=7263"}],"wp:term":[{"taxonomy":"product_brand","embeddable":true,"href":"https:\/\/zsdpb.edu.pl\/index.php\/wp-json\/wp\/v2\/product_brand?post=7263"},{"taxonomy":"product_cat","embeddable":true,"href":"https:\/\/zsdpb.edu.pl\/index.php\/wp-json\/wp\/v2\/product_cat?post=7263"},{"taxonomy":"product_tag","embeddable":true,"href":"https:\/\/zsdpb.edu.pl\/index.php\/wp-json\/wp\/v2\/product_tag?post=7263"}],"curies":[{"name":"wp","href":"https:\/\/api.w.org\/{rel}","templated":true}]}}