{"id":7318,"date":"2018-06-20T15:19:14","date_gmt":"2018-06-20T13:19:14","guid":{"rendered":"https:\/\/zsdpb.edu.pl\/?post_type=product&#038;p=7318"},"modified":"2018-07-05T09:28:14","modified_gmt":"2018-07-05T07:28:14","slug":"mikroskop-badawczy-nu-2-61-2018-4","status":"publish","type":"product","link":"https:\/\/zsdpb.edu.pl\/index.php\/produkt\/mikroskop-badawczy-nu-2-61-2018-4\/","title":{"rendered":"MIKROSKOP BADAWCZY NU-2 61\/2018\/4"},"content":{"rendered":"<ul>\n<li><span style=\"color: #000000;font-family: georgia,palatino,serif;font-size: 12pt\"><span style=\"margin: 0px\">Mikroskop badawczy NU-2 wyprodukowany w 1974 r.<\/span><\/span><\/li>\n<li><span style=\"color: #000000;font-family: georgia,palatino,serif;font-size: 12pt\"><span style=\"margin: 0px\">Brak mo\u017cliwo\u015bci weryfikacji prawid\u0142owego dzia\u0142ania sk\u0142adnika maj\u0105tkowego \u2013 brak \u017ar\u00f3de\u0142 \u015bwiat\u0142a, niekompletne wyposa\u017cenie, niestabilna praca modu\u0142u zasilania.\u00a0<\/span><\/span><\/li>\n<li><span style=\"color: #000000;font-family: georgia,palatino,serif;font-size: 12pt\"><span style=\"margin: 0px\">Wymiary: g\u0142\u0119boko\u015b\u0107 \u2013 80 cm, d\u0142ugo\u015b\u0107 \u2013 156 cm, wysoko\u015b\u0107 \u2013 125 cm.<\/span><\/span><\/li>\n<li><span style=\"color: #000000;font-family: georgia,palatino,serif;font-size: 12pt\"><span style=\"margin: 0px\">St\u00f3\u0142 posiada 6 szuflad.<\/span><\/span><\/li>\n<\/ul>\n<p><span style=\"color: #000000;font-family: georgia,palatino,serif;font-size: 12pt\">\u00a0<\/span><\/p>\n<p align=\"center\">\n","protected":false},"excerpt":{"rendered":"<p>Mikroskop badawczy NU-2 wyprodukowany w 1974 r. Brak mo\u017cliwo\u015bci weryfikacji prawid\u0142owego dzia\u0142ania sk\u0142adnika maj\u0105tkowego \u2013 brak \u017ar\u00f3de\u0142 \u015bwiat\u0142a, niekompletne wyposa\u017cenie, niestabilna praca modu\u0142u zasilania.\u00a0 Wymiary: g\u0142\u0119boko\u015b\u0107 \u2013 80 cm, d\u0142ugo\u015b\u0107 \u2013 156 cm, wysoko\u015b\u0107 \u2013 125 cm. St\u00f3\u0142 posiada 6 szuflad. \u00a0<\/p>\n","protected":false},"featured_media":7320,"comment_status":"closed","ping_status":"closed","template":"","meta":[],"product_brand":[],"product_cat":[40],"product_tag":[],"class_list":{"0":"post-7318","1":"product","2":"type-product","3":"status-publish","4":"has-post-thumbnail","6":"product_cat-sprzedaz","8":"first","9":"instock","10":"sold-individually","11":"shipping-taxable","12":"product-type-auction"},"publishpress_future_action":{"enabled":false,"date":"2026-04-21 16:33:57","action":"change-status","newStatus":"draft","terms":[],"taxonomy":"product_cat","extraData":[]},"publishpress_future_workflow_manual_trigger":{"enabledWorkflows":[]},"_links":{"self":[{"href":"https:\/\/zsdpb.edu.pl\/index.php\/wp-json\/wp\/v2\/product\/7318","targetHints":{"allow":["GET"]}}],"collection":[{"href":"https:\/\/zsdpb.edu.pl\/index.php\/wp-json\/wp\/v2\/product"}],"about":[{"href":"https:\/\/zsdpb.edu.pl\/index.php\/wp-json\/wp\/v2\/types\/product"}],"replies":[{"embeddable":true,"href":"https:\/\/zsdpb.edu.pl\/index.php\/wp-json\/wp\/v2\/comments?post=7318"}],"wp:featuredmedia":[{"embeddable":true,"href":"https:\/\/zsdpb.edu.pl\/index.php\/wp-json\/wp\/v2\/media\/7320"}],"wp:attachment":[{"href":"https:\/\/zsdpb.edu.pl\/index.php\/wp-json\/wp\/v2\/media?parent=7318"}],"wp:term":[{"taxonomy":"product_brand","embeddable":true,"href":"https:\/\/zsdpb.edu.pl\/index.php\/wp-json\/wp\/v2\/product_brand?post=7318"},{"taxonomy":"product_cat","embeddable":true,"href":"https:\/\/zsdpb.edu.pl\/index.php\/wp-json\/wp\/v2\/product_cat?post=7318"},{"taxonomy":"product_tag","embeddable":true,"href":"https:\/\/zsdpb.edu.pl\/index.php\/wp-json\/wp\/v2\/product_tag?post=7318"}],"curies":[{"name":"wp","href":"https:\/\/api.w.org\/{rel}","templated":true}]}}