{"id":7350,"date":"2018-07-02T14:13:24","date_gmt":"2018-07-02T12:13:24","guid":{"rendered":"https:\/\/zsdpb.edu.pl\/?post_type=product&#038;p=7350"},"modified":"2018-10-04T10:04:38","modified_gmt":"2018-10-04T08:04:38","slug":"wzmacniacz-pomiarowy-64-2018-1","status":"publish","type":"product","link":"https:\/\/zsdpb.edu.pl\/index.php\/produkt\/wzmacniacz-pomiarowy-64-2018-1\/","title":{"rendered":"WZMACNIACZ POMIAROWY 64\/2018\/1"},"content":{"rendered":"<ul>\n<li><span style=\"color: #000000;font-family: georgia,palatino,serif;font-size: 12pt\"><span style=\"margin: 0px\">Wzmacniacz pomiarowy zakupiony w 1996 r. <\/span><\/span><\/li>\n<li><span style=\"color: #000000;font-family: georgia,palatino,serif;font-size: 12pt\"><span style=\"margin: 0px\">Z uwagi na brak instrukcji obs\u0142ugi, brak mo\u017cliwo\u015bci weryfikacji prawid\u0142owego dzia\u0142ania sprz\u0119tu. Brak przewod\u00f3w oraz anteny.\u00a0<\/span><\/span><\/li>\n<li><span style=\"color: #000000;font-family: georgia,palatino,serif;font-size: 12pt\"><span style=\"margin: 0px\">Parametry: Zopan PO-27\u00a0220V 50Hz poziom N 120V-A.<\/span><\/span><\/li>\n<\/ul>\n","protected":false},"excerpt":{"rendered":"<p>Wzmacniacz pomiarowy zakupiony w 1996 r. Z uwagi na brak instrukcji obs\u0142ugi, brak mo\u017cliwo\u015bci weryfikacji prawid\u0142owego dzia\u0142ania sprz\u0119tu. Brak przewod\u00f3w oraz anteny.\u00a0 Parametry: Zopan PO-27\u00a0220V 50Hz poziom N 120V-A.<\/p>\n","protected":false},"featured_media":7354,"comment_status":"closed","ping_status":"closed","template":"","meta":[],"product_brand":[],"product_cat":[41],"product_tag":[],"class_list":{"0":"post-7350","1":"product","2":"type-product","3":"status-publish","4":"has-post-thumbnail","6":"product_cat-bez-kategorii","8":"first","9":"instock","10":"sold-individually","11":"shipping-taxable","12":"product-type-auction"},"publishpress_future_action":{"enabled":false,"date":"2026-05-05 05:03:13","action":"change-status","newStatus":"draft","terms":[],"taxonomy":"product_cat","extraData":[]},"publishpress_future_workflow_manual_trigger":{"enabledWorkflows":[]},"_links":{"self":[{"href":"https:\/\/zsdpb.edu.pl\/index.php\/wp-json\/wp\/v2\/product\/7350","targetHints":{"allow":["GET"]}}],"collection":[{"href":"https:\/\/zsdpb.edu.pl\/index.php\/wp-json\/wp\/v2\/product"}],"about":[{"href":"https:\/\/zsdpb.edu.pl\/index.php\/wp-json\/wp\/v2\/types\/product"}],"replies":[{"embeddable":true,"href":"https:\/\/zsdpb.edu.pl\/index.php\/wp-json\/wp\/v2\/comments?post=7350"}],"wp:featuredmedia":[{"embeddable":true,"href":"https:\/\/zsdpb.edu.pl\/index.php\/wp-json\/wp\/v2\/media\/7354"}],"wp:attachment":[{"href":"https:\/\/zsdpb.edu.pl\/index.php\/wp-json\/wp\/v2\/media?parent=7350"}],"wp:term":[{"taxonomy":"product_brand","embeddable":true,"href":"https:\/\/zsdpb.edu.pl\/index.php\/wp-json\/wp\/v2\/product_brand?post=7350"},{"taxonomy":"product_cat","embeddable":true,"href":"https:\/\/zsdpb.edu.pl\/index.php\/wp-json\/wp\/v2\/product_cat?post=7350"},{"taxonomy":"product_tag","embeddable":true,"href":"https:\/\/zsdpb.edu.pl\/index.php\/wp-json\/wp\/v2\/product_tag?post=7350"}],"curies":[{"name":"wp","href":"https:\/\/api.w.org\/{rel}","templated":true}]}}