{"id":7364,"date":"2018-07-11T13:33:45","date_gmt":"2018-07-11T11:33:45","guid":{"rendered":"https:\/\/zsdpb.edu.pl\/?post_type=product&#038;p=7364"},"modified":"2018-10-04T10:07:46","modified_gmt":"2018-10-04T08:07:46","slug":"elektromagnes-er-250-z-zasilaczem-68-2018-1-2","status":"publish","type":"product","link":"https:\/\/zsdpb.edu.pl\/index.php\/produkt\/elektromagnes-er-250-z-zasilaczem-68-2018-1-2\/","title":{"rendered":"ELEKTROMAGNES ER-250 z ZASILACZEM 68\/2018\/1-2"},"content":{"rendered":"<ul style=\"list-style-type: disc\">\n<li><span style=\"color: #000000;font-family: georgia, palatino, serif;font-size: 12pt\"><span style=\"margin: 0px\">Elektromagnes ER z zasilaczem wyprodukowany w 1985 r.<\/span><\/span><\/li>\n<li><span style=\"color: #000000;font-family: georgia, palatino, serif;font-size: 12pt\"><span style=\"margin: 0px\">Sprz\u0119t sprawny.<\/span><\/span><\/li>\n<li><span style=\"color: #000000;font-family: georgia, palatino, serif;font-size: 12pt\"><span style=\"margin: 0px\">Wymiary elektromagnesu: szeroko\u015b\u0107 \u2013 75 cm, g\u0142\u0119boko\u015b\u0107 \u2013 75 cm, wysoko\u015b\u0107 \u2013 100 cm.<\/span><\/span><\/li>\n<li><span style=\"font-family: georgia, palatino, serif;font-size: 12pt\">Wymiary zasilacza: szeroko\u015b\u0107 \u2013\u00a0 67 cm, g\u0142\u0119boko\u015b\u0107 \u2013 60 cm, wysoko\u015b\u0107 \u201335 cm.<\/span><\/li>\n<li><span style=\"color: #000000;font-family: georgia, palatino, serif;font-size: 12pt\"><span style=\"margin: 0px\">Parametry elektromagnesu: RADIOPAN Elektromagnes 0,5\u03a9; Type ER-250T; 30 mm; No 10; 1985; Rfi lewel N.<\/span><\/span><\/li>\n<li><span style=\"color: #000000;font-family: georgia, palatino, serif;font-size: 12pt\"><span lang=\"EN-US\" style=\"margin: 0px\">Parametry zasilacza: RADIOPAN Magnet Power Supply PZP8005; ~220\/380V; 50 Hz; 3,5 kVA; No 93; 1985; RFI level N.<\/span><\/span><\/li>\n<li><span style=\"color: #000000;font-family: georgia, palatino, serif\">Istnieje tak\u017ce mo\u017cliwo\u015b\u0107 zakupienia oddzielnie,\u00a0elektromagnesu w cenie 1000,00 z\u0142 oraz zasilacza w cenie 250, 00 z\u0142.<\/span><\/li>\n<\/ul>\n","protected":false},"excerpt":{"rendered":"<p>Elektromagnes ER z zasilaczem wyprodukowany w 1985 r. Sprz\u0119t sprawny. Wymiary elektromagnesu: szeroko\u015b\u0107 \u2013 75 cm, g\u0142\u0119boko\u015b\u0107 \u2013 75 cm, wysoko\u015b\u0107 \u2013 100 cm. Wymiary zasilacza: szeroko\u015b\u0107 \u2013\u00a0 67 cm, g\u0142\u0119boko\u015b\u0107 \u2013 60 cm, wysoko\u015b\u0107 \u201335 cm. Parametry elektromagnesu: RADIOPAN Elektromagnes 0,5\u03a9; Type ER-250T; 30 mm; No 10; 1985; Rfi [\u2026] <\/p>\n<div class=\"clear\"><\/div>\n<p><a class=\"more_link clearfix\" href=\"https:\/\/zsdpb.edu.pl\/index.php\/produkt\/elektromagnes-er-250-z-zasilaczem-68-2018-1-2\/\" rel=\"nofollow\">Read More<\/a><\/p>\n","protected":false},"featured_media":7365,"comment_status":"closed","ping_status":"closed","template":"","meta":[],"product_brand":[],"product_cat":[41],"product_tag":[],"class_list":{"0":"post-7364","1":"product","2":"type-product","3":"status-publish","4":"has-post-thumbnail","6":"product_cat-bez-kategorii","8":"first","9":"instock","10":"sold-individually","11":"shipping-taxable","12":"product-type-auction"},"publishpress_future_action":{"enabled":false,"date":"2026-05-05 02:14:29","action":"change-status","newStatus":"draft","terms":[],"taxonomy":"product_cat","extraData":[]},"publishpress_future_workflow_manual_trigger":{"enabledWorkflows":[]},"_links":{"self":[{"href":"https:\/\/zsdpb.edu.pl\/index.php\/wp-json\/wp\/v2\/product\/7364","targetHints":{"allow":["GET"]}}],"collection":[{"href":"https:\/\/zsdpb.edu.pl\/index.php\/wp-json\/wp\/v2\/product"}],"about":[{"href":"https:\/\/zsdpb.edu.pl\/index.php\/wp-json\/wp\/v2\/types\/product"}],"replies":[{"embeddable":true,"href":"https:\/\/zsdpb.edu.pl\/index.php\/wp-json\/wp\/v2\/comments?post=7364"}],"wp:featuredmedia":[{"embeddable":true,"href":"https:\/\/zsdpb.edu.pl\/index.php\/wp-json\/wp\/v2\/media\/7365"}],"wp:attachment":[{"href":"https:\/\/zsdpb.edu.pl\/index.php\/wp-json\/wp\/v2\/media?parent=7364"}],"wp:term":[{"taxonomy":"product_brand","embeddable":true,"href":"https:\/\/zsdpb.edu.pl\/index.php\/wp-json\/wp\/v2\/product_brand?post=7364"},{"taxonomy":"product_cat","embeddable":true,"href":"https:\/\/zsdpb.edu.pl\/index.php\/wp-json\/wp\/v2\/product_cat?post=7364"},{"taxonomy":"product_tag","embeddable":true,"href":"https:\/\/zsdpb.edu.pl\/index.php\/wp-json\/wp\/v2\/product_tag?post=7364"}],"curies":[{"name":"wp","href":"https:\/\/api.w.org\/{rel}","templated":true}]}}