{"id":7410,"date":"2018-08-13T12:42:58","date_gmt":"2018-08-13T10:42:58","guid":{"rendered":"https:\/\/zsdpb.edu.pl\/?post_type=product&#038;p=7410"},"modified":"2018-10-04T10:08:46","modified_gmt":"2018-10-04T08:08:46","slug":"komputer-cel-d346-3000-51-2018-4","status":"publish","type":"product","link":"https:\/\/zsdpb.edu.pl\/index.php\/produkt\/komputer-cel-d346-3000-51-2018-4\/","title":{"rendered":"KOMPUTER CEL.D346 3000 51\/2018\/4"},"content":{"rendered":"<ul>\n<li><span style=\"color: #000000;font-family: georgia,palatino,serif;font-size: 12pt\"><span style=\"margin: 0px\">Komputer CEL.D346 3000 wyprodukowany w 2006 r.<\/span><\/span><\/li>\n<li><span style=\"color: #000000;font-family: georgia,palatino,serif;font-size: 12pt\"><span style=\"margin: 0px\">Sprawny.<\/span><\/span><\/li>\n<li><span style=\"color: #000000;font-family: georgia,palatino,serif;font-size: 12pt\"><span style=\"margin: 0px\">Parametry w momencie zakupu: <\/span><span style=\"margin: 0px\">512MB DDR2, 80GB SAMSUNG SATA, K.GR.RADEON 128MB, FDD,, WIN XP PROF, OFFICE 2003 PRO.<\/span><\/span><\/li>\n<li><span style=\"color: #000000;font-family: georgia,palatino,serif;font-size: 12pt\">Sprz\u0119t pozbawiony no\u015bnik\u00f3w magnetycznych i licencji.<\/span><\/li>\n<\/ul>\n<p align=\"center\">\n","protected":false},"excerpt":{"rendered":"<p>Komputer CEL.D346 3000 wyprodukowany w 2006 r. Sprawny. Parametry w momencie zakupu: 512MB DDR2, 80GB SAMSUNG SATA, K.GR.RADEON 128MB, FDD,, WIN XP PROF, OFFICE 2003 PRO. Sprz\u0119t pozbawiony no\u015bnik\u00f3w magnetycznych i licencji.<\/p>\n","protected":false},"featured_media":7411,"comment_status":"closed","ping_status":"closed","template":"","meta":[],"product_brand":[],"product_cat":[41],"product_tag":[],"class_list":{"0":"post-7410","1":"product","2":"type-product","3":"status-publish","4":"has-post-thumbnail","6":"product_cat-bez-kategorii","8":"first","9":"instock","10":"sold-individually","11":"shipping-taxable","12":"product-type-auction"},"publishpress_future_action":{"enabled":false,"date":"2026-05-05 03:24:39","action":"change-status","newStatus":"draft","terms":[],"taxonomy":"product_cat","extraData":[]},"publishpress_future_workflow_manual_trigger":{"enabledWorkflows":[]},"_links":{"self":[{"href":"https:\/\/zsdpb.edu.pl\/index.php\/wp-json\/wp\/v2\/product\/7410","targetHints":{"allow":["GET"]}}],"collection":[{"href":"https:\/\/zsdpb.edu.pl\/index.php\/wp-json\/wp\/v2\/product"}],"about":[{"href":"https:\/\/zsdpb.edu.pl\/index.php\/wp-json\/wp\/v2\/types\/product"}],"replies":[{"embeddable":true,"href":"https:\/\/zsdpb.edu.pl\/index.php\/wp-json\/wp\/v2\/comments?post=7410"}],"wp:featuredmedia":[{"embeddable":true,"href":"https:\/\/zsdpb.edu.pl\/index.php\/wp-json\/wp\/v2\/media\/7411"}],"wp:attachment":[{"href":"https:\/\/zsdpb.edu.pl\/index.php\/wp-json\/wp\/v2\/media?parent=7410"}],"wp:term":[{"taxonomy":"product_brand","embeddable":true,"href":"https:\/\/zsdpb.edu.pl\/index.php\/wp-json\/wp\/v2\/product_brand?post=7410"},{"taxonomy":"product_cat","embeddable":true,"href":"https:\/\/zsdpb.edu.pl\/index.php\/wp-json\/wp\/v2\/product_cat?post=7410"},{"taxonomy":"product_tag","embeddable":true,"href":"https:\/\/zsdpb.edu.pl\/index.php\/wp-json\/wp\/v2\/product_tag?post=7410"}],"curies":[{"name":"wp","href":"https:\/\/api.w.org\/{rel}","templated":true}]}}