{"id":7440,"date":"2018-08-13T13:32:04","date_gmt":"2018-08-13T11:32:04","guid":{"rendered":"https:\/\/zsdpb.edu.pl\/?post_type=product&#038;p=7440"},"modified":"2018-08-28T14:18:44","modified_gmt":"2018-08-28T12:18:44","slug":"pamiec-patriot-51-2018-18-b","status":"publish","type":"product","link":"https:\/\/zsdpb.edu.pl\/index.php\/produkt\/pamiec-patriot-51-2018-18-b\/","title":{"rendered":"PAMI\u0118\u0106 PATRIOT 51\/2018\/18.B"},"content":{"rendered":"<ul>\n<li><span style=\"color: #000000;font-family: georgia,palatino,serif;font-size: 12pt\">Pami\u0119\u0107 Patriot DDR2 2GB 800 PSD22G80026 zakupiona w maju 2017 r.<\/span><\/li>\n<li><span style=\"color: #000000;font-family: georgia,palatino,serif;font-size: 12pt\">Nie by\u0142a u\u017cywana od momentu zakupu.<\/span><\/li>\n<\/ul>\n<p align=\"center\">\n","protected":false},"excerpt":{"rendered":"<p>Pami\u0119\u0107 Patriot DDR2 2GB 800 PSD22G80026 zakupiona w maju 2017 r. Nie by\u0142a u\u017cywana od momentu zakupu.<\/p>\n","protected":false},"featured_media":7441,"comment_status":"closed","ping_status":"closed","template":"","meta":[],"product_brand":[],"product_cat":[40],"product_tag":[],"class_list":{"0":"post-7440","1":"product","2":"type-product","3":"status-publish","4":"has-post-thumbnail","6":"product_cat-sprzedaz","8":"first","9":"instock","10":"sold-individually","11":"shipping-taxable","12":"product-type-auction"},"publishpress_future_action":{"enabled":false,"date":"2026-05-22 19:36:09","action":"change-status","newStatus":"draft","terms":[],"taxonomy":"product_cat","extraData":[]},"publishpress_future_workflow_manual_trigger":{"enabledWorkflows":[]},"_links":{"self":[{"href":"https:\/\/zsdpb.edu.pl\/index.php\/wp-json\/wp\/v2\/product\/7440","targetHints":{"allow":["GET"]}}],"collection":[{"href":"https:\/\/zsdpb.edu.pl\/index.php\/wp-json\/wp\/v2\/product"}],"about":[{"href":"https:\/\/zsdpb.edu.pl\/index.php\/wp-json\/wp\/v2\/types\/product"}],"replies":[{"embeddable":true,"href":"https:\/\/zsdpb.edu.pl\/index.php\/wp-json\/wp\/v2\/comments?post=7440"}],"wp:featuredmedia":[{"embeddable":true,"href":"https:\/\/zsdpb.edu.pl\/index.php\/wp-json\/wp\/v2\/media\/7441"}],"wp:attachment":[{"href":"https:\/\/zsdpb.edu.pl\/index.php\/wp-json\/wp\/v2\/media?parent=7440"}],"wp:term":[{"taxonomy":"product_brand","embeddable":true,"href":"https:\/\/zsdpb.edu.pl\/index.php\/wp-json\/wp\/v2\/product_brand?post=7440"},{"taxonomy":"product_cat","embeddable":true,"href":"https:\/\/zsdpb.edu.pl\/index.php\/wp-json\/wp\/v2\/product_cat?post=7440"},{"taxonomy":"product_tag","embeddable":true,"href":"https:\/\/zsdpb.edu.pl\/index.php\/wp-json\/wp\/v2\/product_tag?post=7440"}],"curies":[{"name":"wp","href":"https:\/\/api.w.org\/{rel}","templated":true}]}}