{"id":7510,"date":"2018-09-21T14:15:55","date_gmt":"2018-09-21T12:15:55","guid":{"rendered":"https:\/\/zsdpb.edu.pl\/?post_type=product&#038;p=7510"},"modified":"2018-10-08T08:18:57","modified_gmt":"2018-10-08T06:18:57","slug":"obudowa-at-mcr12-75-2018-2","status":"publish","type":"product","link":"https:\/\/zsdpb.edu.pl\/index.php\/produkt\/obudowa-at-mcr12-75-2018-2\/","title":{"rendered":"OBUDOWA AT \u2013 MCR12  75\/2018\/2"},"content":{"rendered":"<ul>\n<li>OBUDOWA AT-MCR12 zakupiona w 2003 r.<\/li>\n<li>Sprawna.<\/li>\n<li>Wymiary: szeroko\u015b\u0107 \u2013 44,5 cm, wysoko\u015b\u0107 \u2013 13 cm, g\u0142\u0119boko\u015b\u0107 \u2013 21,5 cm.<\/li>\n<\/ul>\n","protected":false},"excerpt":{"rendered":"<p>OBUDOWA AT-MCR12 zakupiona w 2003 r. Sprawna. Wymiary: szeroko\u015b\u0107 \u2013 44,5 cm, wysoko\u015b\u0107 \u2013 13 cm, g\u0142\u0119boko\u015b\u0107 \u2013 21,5 cm.<\/p>\n","protected":false},"featured_media":7511,"comment_status":"closed","ping_status":"closed","template":"","meta":[],"product_brand":[],"product_cat":[40],"product_tag":[],"class_list":{"0":"post-7510","1":"product","2":"type-product","3":"status-publish","4":"has-post-thumbnail","6":"product_cat-sprzedaz","8":"first","9":"instock","10":"sold-individually","11":"shipping-taxable","12":"product-type-auction"},"publishpress_future_action":{"enabled":false,"date":"2026-04-22 11:22:45","action":"change-status","newStatus":"draft","terms":[],"taxonomy":"product_cat","extraData":[]},"publishpress_future_workflow_manual_trigger":{"enabledWorkflows":[]},"_links":{"self":[{"href":"https:\/\/zsdpb.edu.pl\/index.php\/wp-json\/wp\/v2\/product\/7510","targetHints":{"allow":["GET"]}}],"collection":[{"href":"https:\/\/zsdpb.edu.pl\/index.php\/wp-json\/wp\/v2\/product"}],"about":[{"href":"https:\/\/zsdpb.edu.pl\/index.php\/wp-json\/wp\/v2\/types\/product"}],"replies":[{"embeddable":true,"href":"https:\/\/zsdpb.edu.pl\/index.php\/wp-json\/wp\/v2\/comments?post=7510"}],"wp:featuredmedia":[{"embeddable":true,"href":"https:\/\/zsdpb.edu.pl\/index.php\/wp-json\/wp\/v2\/media\/7511"}],"wp:attachment":[{"href":"https:\/\/zsdpb.edu.pl\/index.php\/wp-json\/wp\/v2\/media?parent=7510"}],"wp:term":[{"taxonomy":"product_brand","embeddable":true,"href":"https:\/\/zsdpb.edu.pl\/index.php\/wp-json\/wp\/v2\/product_brand?post=7510"},{"taxonomy":"product_cat","embeddable":true,"href":"https:\/\/zsdpb.edu.pl\/index.php\/wp-json\/wp\/v2\/product_cat?post=7510"},{"taxonomy":"product_tag","embeddable":true,"href":"https:\/\/zsdpb.edu.pl\/index.php\/wp-json\/wp\/v2\/product_tag?post=7510"}],"curies":[{"name":"wp","href":"https:\/\/api.w.org\/{rel}","templated":true}]}}