{"id":7544,"date":"2018-10-03T09:49:15","date_gmt":"2018-10-03T07:49:15","guid":{"rendered":"https:\/\/zsdpb.edu.pl\/?post_type=product&#038;p=7544"},"modified":"2018-10-03T09:49:16","modified_gmt":"2018-10-03T07:49:16","slug":"taboret-jesionowy-wysoki-74-2018-27-2","status":"publish","type":"product","link":"https:\/\/zsdpb.edu.pl\/index.php\/produkt\/taboret-jesionowy-wysoki-74-2018-27-2\/","title":{"rendered":"TABORET JESIONOWY WYSOKI 74\/2018\/27.2"},"content":{"rendered":"<ul>\n<li>Taboret jesionowy wysoki (wysoko\u015b\u0107 &#8211; 70 cm, wymiary siedziska &#8211; 36 cm x 36 cm) nadaje si\u0119 do dalszego u\u017cytkowania, aczkolwiek wymaga drobnych prac konserwatorskich.<\/li>\n<\/ul>\n","protected":false},"excerpt":{"rendered":"<p>Taboret jesionowy wysoki (wysoko\u015b\u0107 &#8211; 70 cm, wymiary siedziska &#8211; 36 cm x 36 cm) nadaje si\u0119 do dalszego u\u017cytkowania, aczkolwiek wymaga drobnych prac konserwatorskich.<\/p>\n","protected":false},"featured_media":7506,"comment_status":"closed","ping_status":"closed","template":"","meta":[],"product_brand":[],"product_cat":[40],"product_tag":[],"class_list":{"0":"post-7544","1":"product","2":"type-product","3":"status-publish","4":"has-post-thumbnail","6":"product_cat-sprzedaz","8":"first","9":"instock","10":"sold-individually","11":"shipping-taxable","12":"product-type-auction"},"publishpress_future_action":{"enabled":false,"date":"2026-04-16 12:37:47","action":"change-status","newStatus":"draft","terms":[],"taxonomy":"product_cat","extraData":[]},"publishpress_future_workflow_manual_trigger":{"enabledWorkflows":[]},"_links":{"self":[{"href":"https:\/\/zsdpb.edu.pl\/index.php\/wp-json\/wp\/v2\/product\/7544","targetHints":{"allow":["GET"]}}],"collection":[{"href":"https:\/\/zsdpb.edu.pl\/index.php\/wp-json\/wp\/v2\/product"}],"about":[{"href":"https:\/\/zsdpb.edu.pl\/index.php\/wp-json\/wp\/v2\/types\/product"}],"replies":[{"embeddable":true,"href":"https:\/\/zsdpb.edu.pl\/index.php\/wp-json\/wp\/v2\/comments?post=7544"}],"wp:featuredmedia":[{"embeddable":true,"href":"https:\/\/zsdpb.edu.pl\/index.php\/wp-json\/wp\/v2\/media\/7506"}],"wp:attachment":[{"href":"https:\/\/zsdpb.edu.pl\/index.php\/wp-json\/wp\/v2\/media?parent=7544"}],"wp:term":[{"taxonomy":"product_brand","embeddable":true,"href":"https:\/\/zsdpb.edu.pl\/index.php\/wp-json\/wp\/v2\/product_brand?post=7544"},{"taxonomy":"product_cat","embeddable":true,"href":"https:\/\/zsdpb.edu.pl\/index.php\/wp-json\/wp\/v2\/product_cat?post=7544"},{"taxonomy":"product_tag","embeddable":true,"href":"https:\/\/zsdpb.edu.pl\/index.php\/wp-json\/wp\/v2\/product_tag?post=7544"}],"curies":[{"name":"wp","href":"https:\/\/api.w.org\/{rel}","templated":true}]}}