{"id":7650,"date":"2018-11-21T12:14:36","date_gmt":"2018-11-21T11:14:36","guid":{"rendered":"https:\/\/zsdpb.edu.pl\/?post_type=product&#038;p=7650"},"modified":"2018-12-06T08:50:38","modified_gmt":"2018-12-06T07:50:38","slug":"stol-konferencyjny-86-2018-2","status":"publish","type":"product","link":"https:\/\/zsdpb.edu.pl\/index.php\/produkt\/stol-konferencyjny-86-2018-2\/","title":{"rendered":"ST\u00d3\u0141 KONFERENCYJNY 86\/2018\/2"},"content":{"rendered":"<ul>\n<li><span style=\"color: #000000;font-family: georgia,palatino,serif;font-size: 12pt\"><span style=\"margin: 0px\">St\u00f3\u0142 konferencyjny przyj\u0119ty na ewidencj\u0119 w 1988 r.<\/span><\/span><\/li>\n<li><span style=\"color: #000000;font-family: georgia,palatino,serif;font-size: 12pt\"><span style=\"margin: 0px\">St\u00f3\u0142 nadaje si\u0119 do dalszego wykorzystania, cho\u0107 nosi \u015blady u\u017cytkowania \u2013 posiada delikatnie obity i obdarty blat.<\/span><\/span><\/li>\n<li><span style=\"color: #000000;font-family: georgia,palatino,serif;font-size: 12pt\"><span style=\"margin: 0px\">Wymiary: wysoko\u015b\u0107 \u2013 76,00 cm, szeroko\u015b\u0107 \u2013 120,00 cm, g\u0142\u0119boko\u015b\u0107 \u2013 80,00 cm.<\/span><\/span><\/li>\n<\/ul>\n<p align=\"center\">\n","protected":false},"excerpt":{"rendered":"<p>St\u00f3\u0142 konferencyjny przyj\u0119ty na ewidencj\u0119 w 1988 r. St\u00f3\u0142 nadaje si\u0119 do dalszego wykorzystania, cho\u0107 nosi \u015blady u\u017cytkowania \u2013 posiada delikatnie obity i obdarty blat. Wymiary: wysoko\u015b\u0107 \u2013 76,00 cm, szeroko\u015b\u0107 \u2013 120,00 cm, g\u0142\u0119boko\u015b\u0107 \u2013 80,00 cm.<\/p>\n","protected":false},"featured_media":7651,"comment_status":"closed","ping_status":"closed","template":"","meta":[],"product_brand":[],"product_cat":[40],"product_tag":[],"class_list":{"0":"post-7650","1":"product","2":"type-product","3":"status-publish","4":"has-post-thumbnail","6":"product_cat-sprzedaz","8":"first","9":"instock","10":"sold-individually","11":"shipping-taxable","12":"product-type-auction"},"publishpress_future_action":{"enabled":false,"date":"2026-05-10 17:38:48","action":"change-status","newStatus":"draft","terms":[],"taxonomy":"product_cat","extraData":[]},"publishpress_future_workflow_manual_trigger":{"enabledWorkflows":[]},"_links":{"self":[{"href":"https:\/\/zsdpb.edu.pl\/index.php\/wp-json\/wp\/v2\/product\/7650","targetHints":{"allow":["GET"]}}],"collection":[{"href":"https:\/\/zsdpb.edu.pl\/index.php\/wp-json\/wp\/v2\/product"}],"about":[{"href":"https:\/\/zsdpb.edu.pl\/index.php\/wp-json\/wp\/v2\/types\/product"}],"replies":[{"embeddable":true,"href":"https:\/\/zsdpb.edu.pl\/index.php\/wp-json\/wp\/v2\/comments?post=7650"}],"wp:featuredmedia":[{"embeddable":true,"href":"https:\/\/zsdpb.edu.pl\/index.php\/wp-json\/wp\/v2\/media\/7651"}],"wp:attachment":[{"href":"https:\/\/zsdpb.edu.pl\/index.php\/wp-json\/wp\/v2\/media?parent=7650"}],"wp:term":[{"taxonomy":"product_brand","embeddable":true,"href":"https:\/\/zsdpb.edu.pl\/index.php\/wp-json\/wp\/v2\/product_brand?post=7650"},{"taxonomy":"product_cat","embeddable":true,"href":"https:\/\/zsdpb.edu.pl\/index.php\/wp-json\/wp\/v2\/product_cat?post=7650"},{"taxonomy":"product_tag","embeddable":true,"href":"https:\/\/zsdpb.edu.pl\/index.php\/wp-json\/wp\/v2\/product_tag?post=7650"}],"curies":[{"name":"wp","href":"https:\/\/api.w.org\/{rel}","templated":true}]}}