{"id":7710,"date":"2018-12-10T09:10:25","date_gmt":"2018-12-10T08:10:25","guid":{"rendered":"https:\/\/zsdpb.edu.pl\/?post_type=product&#038;p=7710"},"modified":"2019-01-29T10:31:32","modified_gmt":"2019-01-29T09:31:32","slug":"zestaw-mebli-kuchennych-83-2018-2","status":"publish","type":"product","link":"https:\/\/zsdpb.edu.pl\/index.php\/produkt\/zestaw-mebli-kuchennych-83-2018-2\/","title":{"rendered":"83\/2018\/2 ZESTAW MEBLI KUCHENNYCH"},"content":{"rendered":"<ul>\n<li><span style=\"color: #000000;font-family: georgia,palatino,serif;font-size: 12pt\">Zestaw mebli kuchennych przyj\u0119ty na ewidencj\u0119 w 2013 r.<\/span><\/li>\n<li><span style=\"color: #000000;font-family: georgia,palatino,serif;font-size: 12pt\">Zestaw sk\u0142ada si\u0119 z 5 szafek wisz\u0105cych i 4 stoj\u0105cych koloru br\u0105zowego.<\/span><\/li>\n<li><span style=\"color: #000000;font-family: georgia,palatino,serif;font-size: 12pt\">Blaty w szafkach stoj\u0105cych maj\u0105 jasny kolor i nie s\u0105 do nich przymocowane.<\/span><\/li>\n<li><span style=\"color: #000000;font-family: georgia,palatino,serif;font-size: 12pt\">Zestaw nadaje si\u0119 do dalszego u\u017cytkowania, cho\u0107 wymaga drobnych prac konserwatorskich, takich jak ponowne zamontowanie p\u00f3\u0142ek w szafkach.<\/span><\/li>\n<li><span style=\"color: #000000;font-family: georgia,palatino,serif;font-size: 12pt\">Wymiary najwi\u0119kszej szafki stoj\u0105cej z asymetrycznym blatem: wysoko\u015b\u0107 \u2013 85,00 cm, szeroko\u015b\u0107 \u2013 90,00 cm, g\u0142\u0119boko\u015b\u0107 \u2013 90,00 cm.<\/span><\/li>\n<li><span style=\"color: #000000;font-family: georgia,palatino,serif;font-size: 12pt\">Wymiary mniejszej szafki stoj\u0105cej z podw\u00f3jnymi drzwiczkami: wysoko\u015b\u0107 \u2013 85,00 cm, szeroko\u015b\u0107 \u2013 50,00 cm, g\u0142\u0119boko\u015b\u0107 \u2013 54,00 cm.<\/span><\/li>\n<li><span style=\"color: #000000;font-family: georgia,palatino,serif;font-size: 12pt\">Wymiary szafki stoj\u0105cej z pojedynczymi drzwiczkami: wysoko\u015b\u0107 \u2013 85,00 cm, szeroko\u015b\u0107 \u2013 30,00 cm, g\u0142\u0119boko\u015b\u0107 \u2013 60,00 cm.<\/span><\/li>\n<li><span style=\"color: #000000;font-family: georgia,palatino,serif;font-size: 12pt\">Wymiary najwi\u0119kszej szafki wisz\u0105cej o asymetrycznym kszta\u0142cie: wysoko\u015b\u0107 \u2013 72,00 cm, szeroko\u015b\u0107 \u2013 59,00 cm, g\u0142\u0119boko\u015b\u0107 \u2013 59,00 cm.<\/span><\/li>\n<li><span style=\"color: #000000;font-family: georgia,palatino,serif;font-size: 12pt\">Wymiary szafki wisz\u0105cej pionowo z podw\u00f3jnymi drzwiczkami: wysoko\u015b\u0107 \u2013 71,50 cm, szeroko\u015b\u0107 \u2013 50,00 cm, g\u0142\u0119boko\u015b\u0107 \u2013 30,00 cm.<\/span><\/li>\n<li><span style=\"color: #000000;font-family: georgia,palatino,serif;font-size: 12pt\">Wymiary szafki wisz\u0105cej poziomo z pojedynczymi drzwiczkami: wysoko\u015b\u0107 \u2013 39,00 cm, szeroko\u015b\u0107 \u2013 49,50 cm, g\u0142\u0119boko\u015b\u0107 \u2013 30,00 cm.<\/span><\/li>\n<li><span style=\"color: #000000;font-family: georgia,palatino,serif;font-size: 12pt\">Wymiary szafek wisz\u0105cych pionowo z pojedynczymi drzwiczkami (2 sztuki): wysoko\u015b\u0107 \u2013 71,50 cm, szeroko\u015b\u0107 \u2013 29,50 cm, g\u0142\u0119boko\u015b\u0107 \u2013 30,00 cm.<\/span><\/li>\n<li><span style=\"color: #000000;font-family: georgia,palatino,serif;font-size: 12pt\">Wymiary wi\u0119kszej szafki stoj\u0105cej z podw\u00f3jnymi drzwiczkami: wysoko\u015b\u0107 \u2013 85,00 cm, szeroko\u015b\u0107 \u2013 80,00 cm, g\u0142\u0119boko\u015b\u0107 \u2013 60,00 cm.<\/span><\/li>\n<li><span style=\"color: #000000;font-family: georgia,palatino,serif;font-size: 12pt\">W najwi\u0119kszej szafce stoj\u0105cej z asymetrycznym blatem wybita jest tylna pil\u015bniowa \u015bcianka; nale\u017cy r\u00f3wnie\u017c zamontowa\u0107 p\u00f3\u0142k\u0119.<\/span><\/li>\n<li><span style=\"color: #000000;font-family: georgia,palatino,serif;font-size: 12pt\">W mniejszej szafce stoj\u0105cej z podw\u00f3jnymi drzwiczkami brakuje p\u00f3\u0142ek.<\/span><\/li>\n<li><span style=\"color: #000000;font-family: georgia,palatino,serif;font-size: 12pt\">W szafce wisz\u0105cej pionowo z podw\u00f3jnymi drzwiczkami oraz w obu szafkach wisz\u0105cych pionowo z pojedynczymi drzwiczkami nale\u017cy poprawi\u0107 po\u0142o\u017cenie p\u00f3\u0142ek.<\/span><\/li>\n<li><span style=\"color: #000000;font-family: georgia,palatino,serif;font-size: 12pt\">W wi\u0119kszej szafce stoj\u0105cej wyci\u0119to fragment tylnej pil\u015bniowej \u015bcianki; nale\u017cy zamontowa\u0107 p\u00f3\u0142k\u0119.<\/span>\n<p align=\"center\">\n<\/li>\n<\/ul>\n","protected":false},"excerpt":{"rendered":"<p>Zestaw mebli kuchennych przyj\u0119ty na ewidencj\u0119 w 2013 r. Zestaw sk\u0142ada si\u0119 z 5 szafek wisz\u0105cych i 4 stoj\u0105cych koloru br\u0105zowego. Blaty w szafkach stoj\u0105cych maj\u0105 jasny kolor i nie s\u0105 do nich przymocowane. Zestaw nadaje si\u0119 do dalszego u\u017cytkowania, cho\u0107 wymaga drobnych prac konserwatorskich, takich jak ponowne zamontowanie p\u00f3\u0142ek [\u2026] <\/p>\n<div class=\"clear\"><\/div>\n<p><a class=\"more_link clearfix\" href=\"https:\/\/zsdpb.edu.pl\/index.php\/produkt\/zestaw-mebli-kuchennych-83-2018-2\/\" rel=\"nofollow\">Read More<\/a><\/p>\n","protected":false},"featured_media":7711,"comment_status":"closed","ping_status":"closed","template":"","meta":[],"product_brand":[],"product_cat":[40],"product_tag":[],"class_list":{"0":"post-7710","1":"product","2":"type-product","3":"status-publish","4":"has-post-thumbnail","6":"product_cat-sprzedaz","8":"first","9":"instock","10":"sold-individually","11":"shipping-taxable","12":"product-type-auction"},"publishpress_future_action":{"enabled":false,"date":"2026-04-22 01:58:33","action":"change-status","newStatus":"draft","terms":[],"taxonomy":"product_cat","extraData":[]},"publishpress_future_workflow_manual_trigger":{"enabledWorkflows":[]},"_links":{"self":[{"href":"https:\/\/zsdpb.edu.pl\/index.php\/wp-json\/wp\/v2\/product\/7710","targetHints":{"allow":["GET"]}}],"collection":[{"href":"https:\/\/zsdpb.edu.pl\/index.php\/wp-json\/wp\/v2\/product"}],"about":[{"href":"https:\/\/zsdpb.edu.pl\/index.php\/wp-json\/wp\/v2\/types\/product"}],"replies":[{"embeddable":true,"href":"https:\/\/zsdpb.edu.pl\/index.php\/wp-json\/wp\/v2\/comments?post=7710"}],"wp:featuredmedia":[{"embeddable":true,"href":"https:\/\/zsdpb.edu.pl\/index.php\/wp-json\/wp\/v2\/media\/7711"}],"wp:attachment":[{"href":"https:\/\/zsdpb.edu.pl\/index.php\/wp-json\/wp\/v2\/media?parent=7710"}],"wp:term":[{"taxonomy":"product_brand","embeddable":true,"href":"https:\/\/zsdpb.edu.pl\/index.php\/wp-json\/wp\/v2\/product_brand?post=7710"},{"taxonomy":"product_cat","embeddable":true,"href":"https:\/\/zsdpb.edu.pl\/index.php\/wp-json\/wp\/v2\/product_cat?post=7710"},{"taxonomy":"product_tag","embeddable":true,"href":"https:\/\/zsdpb.edu.pl\/index.php\/wp-json\/wp\/v2\/product_tag?post=7710"}],"curies":[{"name":"wp","href":"https:\/\/api.w.org\/{rel}","templated":true}]}}