{"id":7725,"date":"2018-12-10T09:36:24","date_gmt":"2018-12-10T08:36:24","guid":{"rendered":"https:\/\/zsdpb.edu.pl\/?post_type=product&#038;p=7725"},"modified":"2019-01-29T10:31:52","modified_gmt":"2019-01-29T09:31:52","slug":"segment-mniejszy-83-2018-10","status":"publish","type":"product","link":"https:\/\/zsdpb.edu.pl\/index.php\/produkt\/segment-mniejszy-83-2018-10\/","title":{"rendered":"83\/2018\/10 SEGMENT MNIEJSZY"},"content":{"rendered":"<ul>\n<li><span style=\"color: #000000;font-family: georgia,palatino,serif;font-size: 12pt\"><span style=\"margin: 0px\">Segment mniejszy przyj\u0119ty na ewidencj\u0119 w 1993 r.<\/span><\/span><\/li>\n<li><span style=\"font-family: georgia,palatino,serif;font-size: 12pt\"><span style=\"margin: 0px;color: black\">Nadaje si\u0119 do dalszego u\u017cytku.<\/span><\/span><\/li>\n<li><span style=\"color: #000000;font-family: georgia,palatino,serif;font-size: 12pt\"><span style=\"margin: 0px\">Wymiary: wysoko\u015b\u0107 \u2013 194,50 cm, szeroko\u015b\u0107 \u2013 87,00 cm, g\u0142\u0119boko\u015b\u0107 \u2013 45,00 cm.<\/span><\/span><\/li>\n<\/ul>\n<p align=\"center\">\n","protected":false},"excerpt":{"rendered":"<p>Segment mniejszy przyj\u0119ty na ewidencj\u0119 w 1993 r. Nadaje si\u0119 do dalszego u\u017cytku. Wymiary: wysoko\u015b\u0107 \u2013 194,50 cm, szeroko\u015b\u0107 \u2013 87,00 cm, g\u0142\u0119boko\u015b\u0107 \u2013 45,00 cm.<\/p>\n","protected":false},"featured_media":7726,"comment_status":"closed","ping_status":"closed","template":"","meta":[],"product_brand":[],"product_cat":[40],"product_tag":[],"class_list":{"0":"post-7725","1":"product","2":"type-product","3":"status-publish","4":"has-post-thumbnail","6":"product_cat-sprzedaz","8":"first","9":"instock","10":"sold-individually","11":"shipping-taxable","12":"product-type-auction"},"publishpress_future_action":{"enabled":false,"date":"2026-05-02 05:52:50","action":"change-status","newStatus":"draft","terms":[],"taxonomy":"product_cat","extraData":[]},"publishpress_future_workflow_manual_trigger":{"enabledWorkflows":[]},"_links":{"self":[{"href":"https:\/\/zsdpb.edu.pl\/index.php\/wp-json\/wp\/v2\/product\/7725","targetHints":{"allow":["GET"]}}],"collection":[{"href":"https:\/\/zsdpb.edu.pl\/index.php\/wp-json\/wp\/v2\/product"}],"about":[{"href":"https:\/\/zsdpb.edu.pl\/index.php\/wp-json\/wp\/v2\/types\/product"}],"replies":[{"embeddable":true,"href":"https:\/\/zsdpb.edu.pl\/index.php\/wp-json\/wp\/v2\/comments?post=7725"}],"wp:featuredmedia":[{"embeddable":true,"href":"https:\/\/zsdpb.edu.pl\/index.php\/wp-json\/wp\/v2\/media\/7726"}],"wp:attachment":[{"href":"https:\/\/zsdpb.edu.pl\/index.php\/wp-json\/wp\/v2\/media?parent=7725"}],"wp:term":[{"taxonomy":"product_brand","embeddable":true,"href":"https:\/\/zsdpb.edu.pl\/index.php\/wp-json\/wp\/v2\/product_brand?post=7725"},{"taxonomy":"product_cat","embeddable":true,"href":"https:\/\/zsdpb.edu.pl\/index.php\/wp-json\/wp\/v2\/product_cat?post=7725"},{"taxonomy":"product_tag","embeddable":true,"href":"https:\/\/zsdpb.edu.pl\/index.php\/wp-json\/wp\/v2\/product_tag?post=7725"}],"curies":[{"name":"wp","href":"https:\/\/api.w.org\/{rel}","templated":true}]}}