{"id":7732,"date":"2018-12-10T09:52:41","date_gmt":"2018-12-10T08:52:41","guid":{"rendered":"https:\/\/zsdpb.edu.pl\/?post_type=product&#038;p=7732"},"modified":"2019-01-29T10:32:09","modified_gmt":"2019-01-29T09:32:09","slug":"lawa-83-2018-15","status":"publish","type":"product","link":"https:\/\/zsdpb.edu.pl\/index.php\/produkt\/lawa-83-2018-15\/","title":{"rendered":"83\/2018\/15 \u0141AWA"},"content":{"rendered":"<ul>\n<li><span style=\"color: #333333;font-family: georgia,palatino,serif;font-size: 12pt\"><span style=\"margin: 0px\">Czarna \u0142awa przyj\u0119ta na ewidencj\u0119 w 1995 r.<\/span><\/span><\/li>\n<li><span style=\"color: #333333;font-family: georgia,palatino,serif;font-size: 12pt\"><span style=\"margin: 0px\">Blat wykonany z glazury. <\/span><\/span><\/li>\n<li><span style=\"color: #333333;font-family: georgia,palatino,serif;font-size: 12pt\"><span style=\"margin: 0px\">Nadaje si\u0119 do dalszego u\u017cytku, cho\u0107 posiada drobne defekty, takie jak porysowane i poplamione kanty blatu, czy zdarty laminat na jednej z n\u00f3\u017cek. <\/span><\/span><\/li>\n<li><span style=\"color: #333333;font-family: georgia,palatino,serif;font-size: 12pt\"><span style=\"margin: 0px\">Wymiary: wysoko\u015b\u0107 \u2013 52,00 cm, szeroko\u015b\u0107 \u2013 108,00 cm, g\u0142\u0119boko\u015b\u0107 \u2013 68,00 cm.<\/span><\/span><\/li>\n<\/ul>\n<p align=\"center\">\n","protected":false},"excerpt":{"rendered":"<p>Czarna \u0142awa przyj\u0119ta na ewidencj\u0119 w 1995 r. Blat wykonany z glazury. Nadaje si\u0119 do dalszego u\u017cytku, cho\u0107 posiada drobne defekty, takie jak porysowane i poplamione kanty blatu, czy zdarty laminat na jednej z n\u00f3\u017cek. Wymiary: wysoko\u015b\u0107 \u2013 52,00 cm, szeroko\u015b\u0107 \u2013 108,00 cm, g\u0142\u0119boko\u015b\u0107 \u2013 68,00 cm.<\/p>\n","protected":false},"featured_media":7733,"comment_status":"closed","ping_status":"closed","template":"","meta":[],"product_brand":[],"product_cat":[40],"product_tag":[],"class_list":{"0":"post-7732","1":"product","2":"type-product","3":"status-publish","4":"has-post-thumbnail","6":"product_cat-sprzedaz","8":"first","9":"instock","10":"sold-individually","11":"shipping-taxable","12":"product-type-auction"},"publishpress_future_action":{"enabled":false,"date":"2026-05-08 02:19:40","action":"change-status","newStatus":"draft","terms":[],"taxonomy":"product_cat","extraData":[]},"publishpress_future_workflow_manual_trigger":{"enabledWorkflows":[]},"_links":{"self":[{"href":"https:\/\/zsdpb.edu.pl\/index.php\/wp-json\/wp\/v2\/product\/7732","targetHints":{"allow":["GET"]}}],"collection":[{"href":"https:\/\/zsdpb.edu.pl\/index.php\/wp-json\/wp\/v2\/product"}],"about":[{"href":"https:\/\/zsdpb.edu.pl\/index.php\/wp-json\/wp\/v2\/types\/product"}],"replies":[{"embeddable":true,"href":"https:\/\/zsdpb.edu.pl\/index.php\/wp-json\/wp\/v2\/comments?post=7732"}],"wp:featuredmedia":[{"embeddable":true,"href":"https:\/\/zsdpb.edu.pl\/index.php\/wp-json\/wp\/v2\/media\/7733"}],"wp:attachment":[{"href":"https:\/\/zsdpb.edu.pl\/index.php\/wp-json\/wp\/v2\/media?parent=7732"}],"wp:term":[{"taxonomy":"product_brand","embeddable":true,"href":"https:\/\/zsdpb.edu.pl\/index.php\/wp-json\/wp\/v2\/product_brand?post=7732"},{"taxonomy":"product_cat","embeddable":true,"href":"https:\/\/zsdpb.edu.pl\/index.php\/wp-json\/wp\/v2\/product_cat?post=7732"},{"taxonomy":"product_tag","embeddable":true,"href":"https:\/\/zsdpb.edu.pl\/index.php\/wp-json\/wp\/v2\/product_tag?post=7732"}],"curies":[{"name":"wp","href":"https:\/\/api.w.org\/{rel}","templated":true}]}}