{"id":7737,"date":"2018-12-10T10:00:54","date_gmt":"2018-12-10T09:00:54","guid":{"rendered":"https:\/\/zsdpb.edu.pl\/?post_type=product&#038;p=7737"},"modified":"2019-01-29T10:32:27","modified_gmt":"2019-01-29T09:32:27","slug":"stolik-rtv-83-2018-18","status":"publish","type":"product","link":"https:\/\/zsdpb.edu.pl\/index.php\/produkt\/stolik-rtv-83-2018-18\/","title":{"rendered":"83\/2018\/18 STOLIK RTV"},"content":{"rendered":"<ul>\n<li><span style=\"color: #000000;font-family: georgia,palatino,serif;font-size: 12pt\"><span style=\"margin: 0px\">Czarny stolik RTV przyj\u0119ty na ewidencj\u0119 w 1995 r.<\/span><\/span><\/li>\n<li><span style=\"font-family: georgia,palatino,serif;font-size: 12pt\"><span style=\"margin: 0px;color: black\">Nadaje si\u0119 do dalszego u\u017cytkowania.<\/span><\/span><\/li>\n<li><span style=\"color: #000000;font-family: georgia,palatino,serif;font-size: 12pt\"><span style=\"margin: 0px\">Wymiary: wysoko\u015b\u0107 \u2013 67,50 cm, szeroko\u015b\u0107 \u2013 80,00 cm, g\u0142\u0119boko\u015b\u0107 \u2013 40,00 cm.<\/span><\/span><\/li>\n<\/ul>\n<p align=\"center\">\n","protected":false},"excerpt":{"rendered":"<p>Czarny stolik RTV przyj\u0119ty na ewidencj\u0119 w 1995 r. Nadaje si\u0119 do dalszego u\u017cytkowania. Wymiary: wysoko\u015b\u0107 \u2013 67,50 cm, szeroko\u015b\u0107 \u2013 80,00 cm, g\u0142\u0119boko\u015b\u0107 \u2013 40,00 cm.<\/p>\n","protected":false},"featured_media":7738,"comment_status":"closed","ping_status":"closed","template":"","meta":[],"product_brand":[],"product_cat":[40],"product_tag":[],"class_list":{"0":"post-7737","1":"product","2":"type-product","3":"status-publish","4":"has-post-thumbnail","6":"product_cat-sprzedaz","8":"first","9":"instock","10":"sold-individually","11":"shipping-taxable","12":"product-type-auction"},"publishpress_future_action":{"enabled":false,"date":"2026-04-26 10:54:39","action":"change-status","newStatus":"draft","terms":[],"taxonomy":"product_cat","extraData":[]},"publishpress_future_workflow_manual_trigger":{"enabledWorkflows":[]},"_links":{"self":[{"href":"https:\/\/zsdpb.edu.pl\/index.php\/wp-json\/wp\/v2\/product\/7737","targetHints":{"allow":["GET"]}}],"collection":[{"href":"https:\/\/zsdpb.edu.pl\/index.php\/wp-json\/wp\/v2\/product"}],"about":[{"href":"https:\/\/zsdpb.edu.pl\/index.php\/wp-json\/wp\/v2\/types\/product"}],"replies":[{"embeddable":true,"href":"https:\/\/zsdpb.edu.pl\/index.php\/wp-json\/wp\/v2\/comments?post=7737"}],"wp:featuredmedia":[{"embeddable":true,"href":"https:\/\/zsdpb.edu.pl\/index.php\/wp-json\/wp\/v2\/media\/7738"}],"wp:attachment":[{"href":"https:\/\/zsdpb.edu.pl\/index.php\/wp-json\/wp\/v2\/media?parent=7737"}],"wp:term":[{"taxonomy":"product_brand","embeddable":true,"href":"https:\/\/zsdpb.edu.pl\/index.php\/wp-json\/wp\/v2\/product_brand?post=7737"},{"taxonomy":"product_cat","embeddable":true,"href":"https:\/\/zsdpb.edu.pl\/index.php\/wp-json\/wp\/v2\/product_cat?post=7737"},{"taxonomy":"product_tag","embeddable":true,"href":"https:\/\/zsdpb.edu.pl\/index.php\/wp-json\/wp\/v2\/product_tag?post=7737"}],"curies":[{"name":"wp","href":"https:\/\/api.w.org\/{rel}","templated":true}]}}