{"id":7757,"date":"2019-01-02T11:32:19","date_gmt":"2019-01-02T10:32:19","guid":{"rendered":"https:\/\/zsdpb.edu.pl\/?post_type=product&#038;p=7757"},"modified":"2019-01-29T10:27:43","modified_gmt":"2019-01-29T09:27:43","slug":"rama-lozka-jednoosobowego-89-2018-6","status":"publish","type":"product","link":"https:\/\/zsdpb.edu.pl\/index.php\/produkt\/rama-lozka-jednoosobowego-89-2018-6\/","title":{"rendered":"89\/2018\/6 RAMA \u0141\u00d3\u017bKA JEDNOOSOBOWEGO"},"content":{"rendered":"<ul>\n<li>Rama \u0142\u00f3\u017cka jednoosobowego przyj\u0119ta na ewidencj\u0119 w 2007 r.<\/li>\n<li>Rama \u0142\u00f3\u017cka nadaje si\u0119 do dalszego u\u017cytkowania; wykonana jest z p\u0142yty pa\u017adzierzowej w kolorze jasnego drewna; brak dna; \u00a0dostosowana jest do materaca o powierzchni spania 90,00 cm x 200,00 cm; wymiary ramy: d\u0142ugo\u015b\u0107 \u2013 200,00 cm, szeroko\u015b\u0107 \u2013 87,00 cm, wysoko\u015b\u0107 20,00 \u2013 cm; wymiary szczytk\u00f3w (po dwa): 90,00 cm x 45,00 cm.<\/li>\n<\/ul>\n","protected":false},"excerpt":{"rendered":"<p>Rama \u0142\u00f3\u017cka jednoosobowego przyj\u0119ta na ewidencj\u0119 w 2007 r. Rama \u0142\u00f3\u017cka nadaje si\u0119 do dalszego u\u017cytkowania; wykonana jest z p\u0142yty pa\u017adzierzowej w kolorze jasnego drewna; brak dna; \u00a0dostosowana jest do materaca o powierzchni spania 90,00 cm x 200,00 cm; wymiary ramy: d\u0142ugo\u015b\u0107 \u2013 200,00 cm, szeroko\u015b\u0107 \u2013 87,00 cm, wysoko\u015b\u0107 [\u2026] <\/p>\n<div class=\"clear\"><\/div>\n<p><a class=\"more_link clearfix\" href=\"https:\/\/zsdpb.edu.pl\/index.php\/produkt\/rama-lozka-jednoosobowego-89-2018-6\/\" rel=\"nofollow\">Read More<\/a><\/p>\n","protected":false},"featured_media":7754,"comment_status":"closed","ping_status":"closed","template":"","meta":[],"product_brand":[],"product_cat":[40],"product_tag":[],"class_list":{"0":"post-7757","1":"product","2":"type-product","3":"status-publish","4":"has-post-thumbnail","6":"product_cat-sprzedaz","8":"first","9":"instock","10":"sold-individually","11":"shipping-taxable","12":"product-type-auction"},"publishpress_future_action":{"enabled":false,"date":"2026-04-21 10:08:38","action":"change-status","newStatus":"draft","terms":[],"taxonomy":"product_cat","extraData":[]},"publishpress_future_workflow_manual_trigger":{"enabledWorkflows":[]},"_links":{"self":[{"href":"https:\/\/zsdpb.edu.pl\/index.php\/wp-json\/wp\/v2\/product\/7757","targetHints":{"allow":["GET"]}}],"collection":[{"href":"https:\/\/zsdpb.edu.pl\/index.php\/wp-json\/wp\/v2\/product"}],"about":[{"href":"https:\/\/zsdpb.edu.pl\/index.php\/wp-json\/wp\/v2\/types\/product"}],"replies":[{"embeddable":true,"href":"https:\/\/zsdpb.edu.pl\/index.php\/wp-json\/wp\/v2\/comments?post=7757"}],"wp:featuredmedia":[{"embeddable":true,"href":"https:\/\/zsdpb.edu.pl\/index.php\/wp-json\/wp\/v2\/media\/7754"}],"wp:attachment":[{"href":"https:\/\/zsdpb.edu.pl\/index.php\/wp-json\/wp\/v2\/media?parent=7757"}],"wp:term":[{"taxonomy":"product_brand","embeddable":true,"href":"https:\/\/zsdpb.edu.pl\/index.php\/wp-json\/wp\/v2\/product_brand?post=7757"},{"taxonomy":"product_cat","embeddable":true,"href":"https:\/\/zsdpb.edu.pl\/index.php\/wp-json\/wp\/v2\/product_cat?post=7757"},{"taxonomy":"product_tag","embeddable":true,"href":"https:\/\/zsdpb.edu.pl\/index.php\/wp-json\/wp\/v2\/product_tag?post=7757"}],"curies":[{"name":"wp","href":"https:\/\/api.w.org\/{rel}","templated":true}]}}