{"id":8126,"date":"2019-03-12T08:07:32","date_gmt":"2019-03-12T07:07:32","guid":{"rendered":"https:\/\/zsdpb.edu.pl\/?post_type=product&#038;p=8126"},"modified":"2019-05-10T17:31:04","modified_gmt":"2019-05-10T15:31:04","slug":"tokarka-pociagowa-1-m-63-15-2019-2","status":"publish","type":"product","link":"https:\/\/zsdpb.edu.pl\/index.php\/produkt\/tokarka-pociagowa-1-m-63-15-2019-2\/","title":{"rendered":"15\/2019\/2 TOKARKA POCI\u0104GOWA 1 M 63 x 1400"},"content":{"rendered":"<ul>\n<li><span style=\"color: #000000;font-family: georgia,palatino,serif;font-size: 12pt\"><span style=\"margin: 0px\">Tokarka poci\u0105gowa 1 M 63 x 1400 o nr fabrycznym 18499 wyprodukowana w 1980 r.<\/span><\/span><\/li>\n<li><span style=\"color: #000000;font-family: georgia,palatino,serif;font-size: 12pt\"><span style=\"margin: 0px\">Wymiary urz\u0105dzenia: szeroko\u015b\u0107 \u2013 350,00 cm, g\u0142\u0119boko\u015b\u0107 \u2013 120,00 cm, wysoko\u015b\u0107 \u2013 140,00 cm.<\/span><\/span><\/li>\n<li><span style=\"color: #000000;font-family: georgia,palatino,serif;font-size: 12pt\"><span style=\"margin: 0px\">Waga urz\u0105dzenia: oko\u0142o 5 t.<\/span><\/span><\/li>\n<li><span style=\"color: #000000;font-family: georgia,palatino,serif;font-size: 12pt\"><span style=\"margin: 0px\">Tokarka od d\u0142u\u017cszego czasu nie by\u0142a uruchamiana; podczas ostatniego u\u017cytkowania by\u0142a sprawna.<\/span><\/span><\/li>\n<li><span style=\"color: #000000;font-family: georgia,palatino,serif;font-size: 12pt\"><span style=\"margin: 0px\">Sprz\u0119t uruchamia si\u0119, lecz nie utrzymuje \u017c\u0105danych obrot\u00f3w (wypadaj\u0105 pr\u0119dko\u015bci).<\/span><\/span><\/li>\n<li><span style=\"color: #000000;font-family: georgia,palatino,serif;font-size: 12pt\"><span style=\"margin: 0px\">Znaczne zu\u017cycie mechaniczne d\u017awigni.<\/span><\/span><\/li>\n<li><span style=\"color: #000000;font-family: georgia,palatino,serif;font-size: 12pt\"><span style=\"margin: 0px\">Brak mo\u017cliwo\u015bci ustawienia posuw\u00f3w, wybierania ich kierunku.<\/span><\/span><\/li>\n<li><span style=\"color: #000000;font-family: georgia,palatino,serif;font-size: 12pt\"><span style=\"margin: 0px\">Brak uchwytu.<\/span><\/span><\/li>\n<li><span style=\"color: #000000;font-family: georgia,palatino,serif;font-size: 12pt\"><span style=\"margin: 0px\">Luzy na prze\u0142\u0105cznikach.<\/span><\/span><\/li>\n<li><span style=\"color: #000000;font-family: georgia,palatino,serif;font-size: 12pt\"><span style=\"margin: 0px\">Niestabilna praca sprz\u0119g\u0142a.<\/span><\/span><\/li>\n<li><span style=\"color: #000000;font-family: georgia,palatino,serif;font-size: 12pt\"><span style=\"margin: 0px\">Sprawne silniki.<\/span><\/span><\/li>\n<li><span style=\"color: #000000;font-family: georgia,palatino,serif;font-size: 12pt\"><span style=\"margin: 0px\">Nie spe\u0142nia norm ISO.<\/span><\/span><\/li>\n<li><span style=\"color: #000000;font-family: georgia,palatino,serif;font-size: 12pt\"><span style=\"margin: 0px\">Do\u0142\u0105czona oryginalna dokumentacja, w tym m. in. wytyczne do eksploatacji urz\u0105dze\u0144 elektrycznych, instrukcja obs\u0142ugi. <\/span><\/span><\/li>\n<\/ul>\n<p align=\"center\"><span style=\"margin: 0px;color: blue;font-family: georgia,palatino,serif;font-size: 12pt\">\u00a0<\/span><\/p>\n<p align=\"center\"><span style=\"margin: 0px;color: blue;font-family: georgia,palatino,serif;font-size: 12pt\">\u00a0<\/span><\/p>\n<p align=\"center\"><span style=\"margin: 0px;color: blue;font-family: georgia,palatino,serif;font-size: 12pt\">\u00a0<\/span><\/p>\n<p align=\"center\"><span style=\"margin: 0px;font-family: georgia,palatino,serif;font-size: 12pt\"><span style=\"color: #000000\">\u00a0<\/span><\/span><\/p>\n<p><span style=\"color: #000000;font-family: georgia,palatino,serif;font-size: 12pt\">\u00a0<\/span><\/p>\n","protected":false},"excerpt":{"rendered":"<p><a href=\"https:\/\/zsdpb.edu.pl\/wp-content\/uploads\/2019\/04\/152019_21.pdf\">Wycena Urz\u0105dzenia &gt;&gt;&gt;&gt; PDF<\/a><\/p>\n","protected":false},"featured_media":8127,"comment_status":"closed","ping_status":"closed","template":"","meta":[],"product_brand":[],"product_cat":[40],"product_tag":[],"class_list":{"0":"post-8126","1":"product","2":"type-product","3":"status-publish","4":"has-post-thumbnail","6":"product_cat-sprzedaz","8":"first","9":"outofstock","10":"sold-individually","11":"shipping-taxable","12":"product-type-auction"},"publishpress_future_action":{"enabled":false,"date":"2026-04-16 04:34:14","action":"change-status","newStatus":"draft","terms":[],"taxonomy":"product_cat","extraData":[]},"publishpress_future_workflow_manual_trigger":{"enabledWorkflows":[]},"_links":{"self":[{"href":"https:\/\/zsdpb.edu.pl\/index.php\/wp-json\/wp\/v2\/product\/8126","targetHints":{"allow":["GET"]}}],"collection":[{"href":"https:\/\/zsdpb.edu.pl\/index.php\/wp-json\/wp\/v2\/product"}],"about":[{"href":"https:\/\/zsdpb.edu.pl\/index.php\/wp-json\/wp\/v2\/types\/product"}],"replies":[{"embeddable":true,"href":"https:\/\/zsdpb.edu.pl\/index.php\/wp-json\/wp\/v2\/comments?post=8126"}],"wp:featuredmedia":[{"embeddable":true,"href":"https:\/\/zsdpb.edu.pl\/index.php\/wp-json\/wp\/v2\/media\/8127"}],"wp:attachment":[{"href":"https:\/\/zsdpb.edu.pl\/index.php\/wp-json\/wp\/v2\/media?parent=8126"}],"wp:term":[{"taxonomy":"product_brand","embeddable":true,"href":"https:\/\/zsdpb.edu.pl\/index.php\/wp-json\/wp\/v2\/product_brand?post=8126"},{"taxonomy":"product_cat","embeddable":true,"href":"https:\/\/zsdpb.edu.pl\/index.php\/wp-json\/wp\/v2\/product_cat?post=8126"},{"taxonomy":"product_tag","embeddable":true,"href":"https:\/\/zsdpb.edu.pl\/index.php\/wp-json\/wp\/v2\/product_tag?post=8126"}],"curies":[{"name":"wp","href":"https:\/\/api.w.org\/{rel}","templated":true}]}}