{"id":8142,"date":"2019-03-12T08:18:01","date_gmt":"2019-03-12T07:18:01","guid":{"rendered":"https:\/\/zsdpb.edu.pl\/?post_type=product&#038;p=8142"},"modified":"2019-05-10T17:30:39","modified_gmt":"2019-05-10T15:30:39","slug":"15-2019-3-tokarka-tue-40x1500","status":"publish","type":"product","link":"https:\/\/zsdpb.edu.pl\/index.php\/produkt\/15-2019-3-tokarka-tue-40x1500\/","title":{"rendered":"15\/2019\/3 TOKARKA TUE-40&#215;1500"},"content":{"rendered":"<ul>\n<li><span style=\"color: #000000;font-family: georgia,palatino,serif;font-size: 12pt\"><span style=\"margin: 0px\">Tokarka TUE-40&#215;1500 o nr fabrycznym 12 wyprodukowana w 1987 r.<\/span><\/span><\/li>\n<li><span style=\"color: #000000;font-family: georgia,palatino,serif;font-size: 12pt\"><span style=\"margin: 0px\">Wymiary urz\u0105dzenia: szeroko\u015b\u0107 \u2013 280,00 cm, g\u0142\u0119boko\u015b\u0107 \u2013 105,00 cm, wysoko\u015b\u0107 \u2013 140,00 cm.<\/span><\/span><\/li>\n<li><span style=\"color: #000000;font-family: georgia,palatino,serif;font-size: 12pt\"><span style=\"margin: 0px\">Waga urz\u0105dzenia: oko\u0142o 1,5 t.<\/span><\/span><\/li>\n<li><span style=\"color: #000000;font-family: georgia,palatino,serif;font-size: 12pt\"><span style=\"margin: 0px\">Tokarka nie by\u0142a uruchamiana od oko\u0142o p\u00f3\u0142tora roku; podczas ostatniego u\u017cytkowania by\u0142a sprawna.<\/span><\/span><\/li>\n<li><span style=\"color: #000000;font-family: georgia,palatino,serif;font-size: 12pt\"><span style=\"margin: 0px\">Nieprecyzyjna; w trakcie obr\u00f3bki dr\u017cy.<\/span><\/span><\/li>\n<li><span style=\"color: #000000;font-family: georgia,palatino,serif;font-size: 12pt\"><span style=\"margin: 0px\">Posiada wypadaj\u0105cy prze\u0142\u0105cznik posuwu z poprzecznego na wzd\u0142u\u017cny.<\/span><\/span><\/li>\n<li><span style=\"color: #000000;font-family: georgia,palatino,serif;font-size: 12pt\"><span style=\"margin: 0px\">Brak uchwytu.<\/span><\/span><\/li>\n<li><span style=\"color: #000000;font-family: georgia,palatino,serif;font-size: 12pt\"><span style=\"margin: 0px\">Sprawne silniki.<\/span><\/span><\/li>\n<li><span style=\"color: #000000;font-family: georgia,palatino,serif;font-size: 12pt\"><span style=\"margin: 0px\">Do\u0142\u0105czona oryginalna dokumentacja, w tym m. in. dokumentacja techniczno-ruchowa. <\/span><\/span><\/li>\n<\/ul>\n<p align=\"center\"><span style=\"margin: 0px;color: blue;font-family: georgia,palatino,serif;font-size: 12pt\">\u00a0<\/span><\/p>\n<p align=\"center\"><span style=\"margin: 0px;color: blue;font-family: georgia,palatino,serif;font-size: 12pt\">\u00a0<\/span><\/p>\n<p align=\"center\"><span style=\"margin: 0px;color: blue;font-family: georgia,palatino,serif;font-size: 12pt\">\u00a0<\/span><\/p>\n<p align=\"center\"><span style=\"margin: 0px;font-family: georgia,palatino,serif;font-size: 12pt\"><span style=\"color: #000000\">\u00a0<\/span><\/span><\/p>\n<p><span style=\"color: #000000;font-family: georgia,palatino,serif;font-size: 12pt\">\u00a0<\/span><\/p>\n","protected":false},"excerpt":{"rendered":"<p><a href=\"https:\/\/zsdpb.edu.pl\/wp-content\/uploads\/2019\/04\/152019_31.pdf\">Wycena Urz\u0105dzenia &gt;&gt;&gt; PDF<\/a><\/p>\n","protected":false},"featured_media":8143,"comment_status":"closed","ping_status":"closed","template":"","meta":[],"product_brand":[],"product_cat":[40],"product_tag":[],"class_list":{"0":"post-8142","1":"product","2":"type-product","3":"status-publish","4":"has-post-thumbnail","6":"product_cat-sprzedaz","8":"first","9":"outofstock","10":"sold-individually","11":"shipping-taxable","12":"product-type-auction"},"publishpress_future_action":{"enabled":false,"date":"2026-05-24 00:18:02","action":"change-status","newStatus":"draft","terms":[],"taxonomy":"product_cat","extraData":[]},"publishpress_future_workflow_manual_trigger":{"enabledWorkflows":[]},"_links":{"self":[{"href":"https:\/\/zsdpb.edu.pl\/index.php\/wp-json\/wp\/v2\/product\/8142","targetHints":{"allow":["GET"]}}],"collection":[{"href":"https:\/\/zsdpb.edu.pl\/index.php\/wp-json\/wp\/v2\/product"}],"about":[{"href":"https:\/\/zsdpb.edu.pl\/index.php\/wp-json\/wp\/v2\/types\/product"}],"replies":[{"embeddable":true,"href":"https:\/\/zsdpb.edu.pl\/index.php\/wp-json\/wp\/v2\/comments?post=8142"}],"wp:featuredmedia":[{"embeddable":true,"href":"https:\/\/zsdpb.edu.pl\/index.php\/wp-json\/wp\/v2\/media\/8143"}],"wp:attachment":[{"href":"https:\/\/zsdpb.edu.pl\/index.php\/wp-json\/wp\/v2\/media?parent=8142"}],"wp:term":[{"taxonomy":"product_brand","embeddable":true,"href":"https:\/\/zsdpb.edu.pl\/index.php\/wp-json\/wp\/v2\/product_brand?post=8142"},{"taxonomy":"product_cat","embeddable":true,"href":"https:\/\/zsdpb.edu.pl\/index.php\/wp-json\/wp\/v2\/product_cat?post=8142"},{"taxonomy":"product_tag","embeddable":true,"href":"https:\/\/zsdpb.edu.pl\/index.php\/wp-json\/wp\/v2\/product_tag?post=8142"}],"curies":[{"name":"wp","href":"https:\/\/api.w.org\/{rel}","templated":true}]}}