{"id":8187,"date":"2019-03-15T12:29:11","date_gmt":"2019-03-15T11:29:11","guid":{"rendered":"https:\/\/zsdpb.edu.pl\/?post_type=product&#038;p=8187"},"modified":"2019-04-16T09:07:44","modified_gmt":"2019-04-16T07:07:44","slug":"miliwoltomierz-10-2019-1","status":"publish","type":"product","link":"https:\/\/zsdpb.edu.pl\/index.php\/produkt\/miliwoltomierz-10-2019-1\/","title":{"rendered":"MILIWOLTOMIERZ 10\/2019\/1"},"content":{"rendered":"<ul>\n<li>Miliwoltomierz Mera Tronik V640 przyj\u0119ty na ewidencj\u0119 w 1992 r.<\/li>\n<li>Wyeksploatowany, brak mo\u017cliwo\u015bci sprawdzenia dzia\u0142ania z powodu braku baterii oraz modu\u0142u zasilaj\u0105cego.<\/li>\n<\/ul>\n","protected":false},"excerpt":{"rendered":"<p>Miliwoltomierz Mera Tronik V640 przyj\u0119ty na ewidencj\u0119 w 1992 r. Wyeksploatowany, brak mo\u017cliwo\u015bci sprawdzenia dzia\u0142ania z powodu braku baterii oraz modu\u0142u zasilaj\u0105cego.<\/p>\n","protected":false},"featured_media":8188,"comment_status":"closed","ping_status":"closed","template":"","meta":[],"product_brand":[],"product_cat":[40],"product_tag":[],"class_list":{"0":"post-8187","1":"product","2":"type-product","3":"status-publish","4":"has-post-thumbnail","6":"product_cat-sprzedaz","8":"first","9":"outofstock","10":"sold-individually","11":"shipping-taxable","12":"product-type-auction"},"publishpress_future_action":{"enabled":false,"date":"2026-05-18 17:34:28","action":"change-status","newStatus":"draft","terms":[],"taxonomy":"product_cat","extraData":[]},"publishpress_future_workflow_manual_trigger":{"enabledWorkflows":[]},"_links":{"self":[{"href":"https:\/\/zsdpb.edu.pl\/index.php\/wp-json\/wp\/v2\/product\/8187","targetHints":{"allow":["GET"]}}],"collection":[{"href":"https:\/\/zsdpb.edu.pl\/index.php\/wp-json\/wp\/v2\/product"}],"about":[{"href":"https:\/\/zsdpb.edu.pl\/index.php\/wp-json\/wp\/v2\/types\/product"}],"replies":[{"embeddable":true,"href":"https:\/\/zsdpb.edu.pl\/index.php\/wp-json\/wp\/v2\/comments?post=8187"}],"wp:featuredmedia":[{"embeddable":true,"href":"https:\/\/zsdpb.edu.pl\/index.php\/wp-json\/wp\/v2\/media\/8188"}],"wp:attachment":[{"href":"https:\/\/zsdpb.edu.pl\/index.php\/wp-json\/wp\/v2\/media?parent=8187"}],"wp:term":[{"taxonomy":"product_brand","embeddable":true,"href":"https:\/\/zsdpb.edu.pl\/index.php\/wp-json\/wp\/v2\/product_brand?post=8187"},{"taxonomy":"product_cat","embeddable":true,"href":"https:\/\/zsdpb.edu.pl\/index.php\/wp-json\/wp\/v2\/product_cat?post=8187"},{"taxonomy":"product_tag","embeddable":true,"href":"https:\/\/zsdpb.edu.pl\/index.php\/wp-json\/wp\/v2\/product_tag?post=8187"}],"curies":[{"name":"wp","href":"https:\/\/api.w.org\/{rel}","templated":true}]}}