{"id":9022,"date":"2019-08-21T12:08:07","date_gmt":"2019-08-21T10:08:07","guid":{"rendered":"https:\/\/zsdpb.edu.pl\/?post_type=product&#038;p=9022"},"modified":"2019-09-10T13:07:17","modified_gmt":"2019-09-10T11:07:17","slug":"komputer-dell-op330-mt-46-2019-3","status":"publish","type":"product","link":"https:\/\/zsdpb.edu.pl\/index.php\/produkt\/komputer-dell-op330-mt-46-2019-3\/","title":{"rendered":"Komputer Dell OP330 MT 46\/2019\/3"},"content":{"rendered":"<ul>\n<li>Komputer Dell OPTIPLEX 330 MT C2D E7200, NR: B84NY3J wyprodukowany w 2008 r.<\/li>\n<li>Sprawny z przestarza\u0142ym systemem WINDOWS VISTA.<\/li>\n<li>Sprz\u0119t pozbawiony no\u015bnik\u00f3w magnetycznych.<\/li>\n<\/ul>\n","protected":false},"excerpt":{"rendered":"<p>Komputer Dell OPTIPLEX 330 MT C2D E7200, NR: B84NY3J wyprodukowany w 2008 r. Sprawny z przestarza\u0142ym systemem WINDOWS VISTA. Sprz\u0119t pozbawiony no\u015bnik\u00f3w magnetycznych.<\/p>\n","protected":false},"featured_media":9023,"comment_status":"closed","ping_status":"closed","template":"","meta":[],"product_brand":[],"product_cat":[40],"product_tag":[],"class_list":{"0":"post-9022","1":"product","2":"type-product","3":"status-publish","4":"has-post-thumbnail","6":"product_cat-sprzedaz","8":"first","9":"instock","10":"sold-individually","11":"shipping-taxable","12":"product-type-auction"},"publishpress_future_action":{"enabled":false,"date":"2026-04-14 17:25:53","action":"change-status","newStatus":"draft","terms":[],"taxonomy":"product_cat","extraData":[]},"publishpress_future_workflow_manual_trigger":{"enabledWorkflows":[]},"_links":{"self":[{"href":"https:\/\/zsdpb.edu.pl\/index.php\/wp-json\/wp\/v2\/product\/9022","targetHints":{"allow":["GET"]}}],"collection":[{"href":"https:\/\/zsdpb.edu.pl\/index.php\/wp-json\/wp\/v2\/product"}],"about":[{"href":"https:\/\/zsdpb.edu.pl\/index.php\/wp-json\/wp\/v2\/types\/product"}],"replies":[{"embeddable":true,"href":"https:\/\/zsdpb.edu.pl\/index.php\/wp-json\/wp\/v2\/comments?post=9022"}],"wp:featuredmedia":[{"embeddable":true,"href":"https:\/\/zsdpb.edu.pl\/index.php\/wp-json\/wp\/v2\/media\/9023"}],"wp:attachment":[{"href":"https:\/\/zsdpb.edu.pl\/index.php\/wp-json\/wp\/v2\/media?parent=9022"}],"wp:term":[{"taxonomy":"product_brand","embeddable":true,"href":"https:\/\/zsdpb.edu.pl\/index.php\/wp-json\/wp\/v2\/product_brand?post=9022"},{"taxonomy":"product_cat","embeddable":true,"href":"https:\/\/zsdpb.edu.pl\/index.php\/wp-json\/wp\/v2\/product_cat?post=9022"},{"taxonomy":"product_tag","embeddable":true,"href":"https:\/\/zsdpb.edu.pl\/index.php\/wp-json\/wp\/v2\/product_tag?post=9022"}],"curies":[{"name":"wp","href":"https:\/\/api.w.org\/{rel}","templated":true}]}}