{"id":9221,"date":"2019-09-19T07:56:30","date_gmt":"2019-09-19T05:56:30","guid":{"rendered":"https:\/\/zsdpb.edu.pl\/?post_type=product&#038;p=9221"},"modified":"2019-10-07T13:46:55","modified_gmt":"2019-10-07T11:46:55","slug":"komputer-dell-optiplex-320-56-2019-1","status":"publish","type":"product","link":"https:\/\/zsdpb.edu.pl\/index.php\/produkt\/komputer-dell-optiplex-320-56-2019-1\/","title":{"rendered":"Komputer DELL OPTIPLEX 320 56\/2019\/1"},"content":{"rendered":"<ul>\n<li>Komputer DELL OPTIPLEX 320, rok produkcji 2007.<\/li>\n<li>By\u0142 sprawny w momencie przegl\u0105du w dniu 10.05.2019r, brak mo\u017cliwo\u015bci ulepszenia.<\/li>\n<li>Parametry w momencie zakupu: Celeron 3,2 GHz, RAM 2&#215;512 MB, 80GB, DWD, FDD, WIN XP.<\/li>\n<li>Sprz\u0119t pozbawiony no\u015bnik\u00f3w magnetycznych i licencji.<\/li>\n<\/ul>\n","protected":false},"excerpt":{"rendered":"<p>Komputer DELL OPTIPLEX 320, rok produkcji 2007. By\u0142 sprawny w momencie przegl\u0105du w dniu 10.05.2019r, brak mo\u017cliwo\u015bci ulepszenia. Parametry w momencie zakupu: Celeron 3,2 GHz, RAM 2&#215;512 MB, 80GB, DWD, FDD, WIN XP. Sprz\u0119t pozbawiony no\u015bnik\u00f3w magnetycznych i licencji.<\/p>\n","protected":false},"featured_media":9223,"comment_status":"closed","ping_status":"closed","template":"","meta":[],"product_brand":[],"product_cat":[40],"product_tag":[],"class_list":{"0":"post-9221","1":"product","2":"type-product","3":"status-publish","4":"has-post-thumbnail","6":"product_cat-sprzedaz","8":"first","9":"instock","10":"sold-individually","11":"shipping-taxable","12":"product-type-auction"},"publishpress_future_action":{"enabled":false,"date":"2026-04-13 11:41:42","action":"change-status","newStatus":"draft","terms":[],"taxonomy":"product_cat","extraData":[]},"publishpress_future_workflow_manual_trigger":{"enabledWorkflows":[]},"_links":{"self":[{"href":"https:\/\/zsdpb.edu.pl\/index.php\/wp-json\/wp\/v2\/product\/9221","targetHints":{"allow":["GET"]}}],"collection":[{"href":"https:\/\/zsdpb.edu.pl\/index.php\/wp-json\/wp\/v2\/product"}],"about":[{"href":"https:\/\/zsdpb.edu.pl\/index.php\/wp-json\/wp\/v2\/types\/product"}],"replies":[{"embeddable":true,"href":"https:\/\/zsdpb.edu.pl\/index.php\/wp-json\/wp\/v2\/comments?post=9221"}],"wp:featuredmedia":[{"embeddable":true,"href":"https:\/\/zsdpb.edu.pl\/index.php\/wp-json\/wp\/v2\/media\/9223"}],"wp:attachment":[{"href":"https:\/\/zsdpb.edu.pl\/index.php\/wp-json\/wp\/v2\/media?parent=9221"}],"wp:term":[{"taxonomy":"product_brand","embeddable":true,"href":"https:\/\/zsdpb.edu.pl\/index.php\/wp-json\/wp\/v2\/product_brand?post=9221"},{"taxonomy":"product_cat","embeddable":true,"href":"https:\/\/zsdpb.edu.pl\/index.php\/wp-json\/wp\/v2\/product_cat?post=9221"},{"taxonomy":"product_tag","embeddable":true,"href":"https:\/\/zsdpb.edu.pl\/index.php\/wp-json\/wp\/v2\/product_tag?post=9221"}],"curies":[{"name":"wp","href":"https:\/\/api.w.org\/{rel}","templated":true}]}}