{"id":9716,"date":"2020-02-10T08:48:06","date_gmt":"2020-02-10T07:48:06","guid":{"rendered":"https:\/\/zsdpb.edu.pl\/?post_type=product&#038;p=9716"},"modified":"2020-03-11T00:02:40","modified_gmt":"2020-03-10T23:02:40","slug":"wzmacniacz-mw-5-200-6-7-2020-3","status":"publish","type":"product","link":"https:\/\/zsdpb.edu.pl\/index.php\/produkt\/wzmacniacz-mw-5-200-6-7-2020-3\/","title":{"rendered":"WZMACNIACZ MW 5\/200 6-7\/2020\/3"},"content":{"rendered":"<ul>\n<li><span style=\"color: #000000;font-family: georgia,palatino,serif\">Wzmacniacz MW 5\/200 wyprodukowany w 1998 r.<\/span><\/li>\n<li><span style=\"color: #000000;font-family: georgia,palatino,serif\">Obecnie brak mo\u017cliwo\u015bci zweryfikowania sprawno\u015bci urz\u0105dzenia.<\/span>\n<p style=\"text-align: center\">\n<p>&nbsp;<\/p>\n<p>&nbsp;<\/p>\n<p>&nbsp;<\/p>\n<p>&nbsp;<\/p>\n<p>&nbsp;<\/li>\n<\/ul>\n","protected":false},"excerpt":{"rendered":"<p>Wzmacniacz MW 5\/200 wyprodukowany w 1998 r. Obecnie brak mo\u017cliwo\u015bci zweryfikowania sprawno\u015bci urz\u0105dzenia. &nbsp; &nbsp; &nbsp; &nbsp; &nbsp;<\/p>\n","protected":false},"featured_media":9717,"comment_status":"closed","ping_status":"closed","template":"","meta":[],"product_brand":[],"product_cat":[40],"product_tag":[],"class_list":{"0":"post-9716","1":"product","2":"type-product","3":"status-publish","4":"has-post-thumbnail","6":"product_cat-sprzedaz","8":"first","9":"outofstock","10":"sold-individually","11":"shipping-taxable","12":"product-type-auction"},"publishpress_future_action":{"enabled":false,"date":"2026-04-12 22:05:26","action":"change-status","newStatus":"draft","terms":[],"taxonomy":"product_cat","extraData":[]},"publishpress_future_workflow_manual_trigger":{"enabledWorkflows":[]},"_links":{"self":[{"href":"https:\/\/zsdpb.edu.pl\/index.php\/wp-json\/wp\/v2\/product\/9716","targetHints":{"allow":["GET"]}}],"collection":[{"href":"https:\/\/zsdpb.edu.pl\/index.php\/wp-json\/wp\/v2\/product"}],"about":[{"href":"https:\/\/zsdpb.edu.pl\/index.php\/wp-json\/wp\/v2\/types\/product"}],"replies":[{"embeddable":true,"href":"https:\/\/zsdpb.edu.pl\/index.php\/wp-json\/wp\/v2\/comments?post=9716"}],"wp:featuredmedia":[{"embeddable":true,"href":"https:\/\/zsdpb.edu.pl\/index.php\/wp-json\/wp\/v2\/media\/9717"}],"wp:attachment":[{"href":"https:\/\/zsdpb.edu.pl\/index.php\/wp-json\/wp\/v2\/media?parent=9716"}],"wp:term":[{"taxonomy":"product_brand","embeddable":true,"href":"https:\/\/zsdpb.edu.pl\/index.php\/wp-json\/wp\/v2\/product_brand?post=9716"},{"taxonomy":"product_cat","embeddable":true,"href":"https:\/\/zsdpb.edu.pl\/index.php\/wp-json\/wp\/v2\/product_cat?post=9716"},{"taxonomy":"product_tag","embeddable":true,"href":"https:\/\/zsdpb.edu.pl\/index.php\/wp-json\/wp\/v2\/product_tag?post=9716"}],"curies":[{"name":"wp","href":"https:\/\/api.w.org\/{rel}","templated":true}]}}