{"id":9732,"date":"2020-02-10T09:22:27","date_gmt":"2020-02-10T08:22:27","guid":{"rendered":"https:\/\/zsdpb.edu.pl\/?post_type=product&#038;p=9732"},"modified":"2020-03-11T00:01:03","modified_gmt":"2020-03-10T23:01:03","slug":"mikrofon-bezprzewodowy-286-ts-8-10-2020-8","status":"publish","type":"product","link":"https:\/\/zsdpb.edu.pl\/index.php\/produkt\/mikrofon-bezprzewodowy-286-ts-8-10-2020-8\/","title":{"rendered":"MIKROFON BEZPRZEWODOWY 286 TS 8-10\/2020\/8"},"content":{"rendered":"<ul>\n<li><span style=\"color: #000000;font-family: georgia,palatino,serif;font-size: 12pt\">Mikrofon bezprzewodowy 286 TS przyj\u0119ty na ewidencj\u0119 w 2004 r.<\/span><\/li>\n<li><span style=\"color: #000000;font-family: georgia,palatino,serif;font-size: 12pt\">Obecnie brak mo\u017cliwo\u015bci zweryfikowania sprawno\u015bci urz\u0105dzenia.<\/span>\n<p style=\"text-align: center\">\n<p>&nbsp;<\/p>\n<p>&nbsp;<\/p>\n<p>&nbsp;<\/p>\n<p>&nbsp;<\/p>\n<p>&nbsp;<\/li>\n<\/ul>\n","protected":false},"excerpt":{"rendered":"<p>Mikrofon bezprzewodowy 286 TS przyj\u0119ty na ewidencj\u0119 w 2004 r. Obecnie brak mo\u017cliwo\u015bci zweryfikowania sprawno\u015bci urz\u0105dzenia. &nbsp; &nbsp; &nbsp; &nbsp; &nbsp;<\/p>\n","protected":false},"featured_media":9733,"comment_status":"closed","ping_status":"closed","template":"","meta":[],"product_brand":[],"product_cat":[40],"product_tag":[],"class_list":{"0":"post-9732","1":"product","2":"type-product","3":"status-publish","4":"has-post-thumbnail","6":"product_cat-sprzedaz","8":"first","9":"outofstock","10":"sold-individually","11":"shipping-taxable","12":"product-type-auction"},"publishpress_future_action":{"enabled":false,"date":"2026-04-12 20:45:11","action":"change-status","newStatus":"draft","terms":[],"taxonomy":"product_cat","extraData":[]},"publishpress_future_workflow_manual_trigger":{"enabledWorkflows":[]},"_links":{"self":[{"href":"https:\/\/zsdpb.edu.pl\/index.php\/wp-json\/wp\/v2\/product\/9732","targetHints":{"allow":["GET"]}}],"collection":[{"href":"https:\/\/zsdpb.edu.pl\/index.php\/wp-json\/wp\/v2\/product"}],"about":[{"href":"https:\/\/zsdpb.edu.pl\/index.php\/wp-json\/wp\/v2\/types\/product"}],"replies":[{"embeddable":true,"href":"https:\/\/zsdpb.edu.pl\/index.php\/wp-json\/wp\/v2\/comments?post=9732"}],"wp:featuredmedia":[{"embeddable":true,"href":"https:\/\/zsdpb.edu.pl\/index.php\/wp-json\/wp\/v2\/media\/9733"}],"wp:attachment":[{"href":"https:\/\/zsdpb.edu.pl\/index.php\/wp-json\/wp\/v2\/media?parent=9732"}],"wp:term":[{"taxonomy":"product_brand","embeddable":true,"href":"https:\/\/zsdpb.edu.pl\/index.php\/wp-json\/wp\/v2\/product_brand?post=9732"},{"taxonomy":"product_cat","embeddable":true,"href":"https:\/\/zsdpb.edu.pl\/index.php\/wp-json\/wp\/v2\/product_cat?post=9732"},{"taxonomy":"product_tag","embeddable":true,"href":"https:\/\/zsdpb.edu.pl\/index.php\/wp-json\/wp\/v2\/product_tag?post=9732"}],"curies":[{"name":"wp","href":"https:\/\/api.w.org\/{rel}","templated":true}]}}